{"id":9314,"date":"2024-10-24T15:54:49","date_gmt":"2024-10-24T13:54:49","guid":{"rendered":"https:\/\/www.abondanceformation.com\/?page_id=9314"},"modified":"2025-06-16T19:47:58","modified_gmt":"2025-06-16T17:47:58","slug":"inscription","status":"publish","type":"page","link":"https:\/\/www.abondanceformation.com\/en\/inscription\/","title":{"rendered":"Registration"},"content":{"rendered":"\t\t<div data-elementor-type=\"wp-page\" data-elementor-id=\"9314\" class=\"elementor elementor-9314\" data-elementor-post-type=\"page\">\n\t\t\t\t<div class=\"elementor-element elementor-element-cf6b2a6 e-flex e-con-boxed e-con e-parent\" data-id=\"cf6b2a6\" data-element_type=\"container\" data-e-type=\"container\" data-settings=\"{&quot;background_background&quot;:&quot;classic&quot;}\">\n\t\t\t\t\t<div class=\"e-con-inner\">\n\t\t<div class=\"elementor-element elementor-element-2448a957 e-flex e-con-boxed e-con e-child\" data-id=\"2448a957\" data-element_type=\"container\" data-e-type=\"container\">\n\t\t\t\t\t<div class=\"e-con-inner\">\n\t\t\t\t\t<\/div>\n\t\t\t\t<\/div>\n\t\t\t\t\t<\/div>\n\t\t\t\t<\/div>\n\t\t<div class=\"elementor-element elementor-element-798853f6 e-flex e-con-boxed e-con e-parent\" data-id=\"798853f6\" data-element_type=\"container\" data-e-type=\"container\">\n\t\t\t\t\t<div class=\"e-con-inner\">\n\t\t\t\t<div class=\"elementor-element elementor-element-d2ae927 elementor-widget elementor-widget-spacer\" data-id=\"d2ae927\" data-element_type=\"widget\" data-e-type=\"widget\" data-widget_type=\"spacer.default\">\n\t\t\t\t<div class=\"elementor-widget-container\">\n\t\t\t\t\t\t\t<div class=\"elementor-spacer\">\n\t\t\t<div class=\"elementor-spacer-inner\"><\/div>\n\t\t<\/div>\n\t\t\t\t\t\t<\/div>\n\t\t\t\t<\/div>\n\t\t\t\t\t<\/div>\n\t\t\t\t<\/div>\n\t\t<div class=\"elementor-element elementor-element-36a66bb6 e-flex e-con-boxed e-con e-parent\" data-id=\"36a66bb6\" data-element_type=\"container\" data-e-type=\"container\">\n\t\t\t\t\t<div class=\"e-con-inner\">\n\t\t\t\t<div class=\"elementor-element elementor-element-333bc16a elementor-widget elementor-widget-spacer\" data-id=\"333bc16a\" data-element_type=\"widget\" data-e-type=\"widget\" data-widget_type=\"spacer.default\">\n\t\t\t\t<div class=\"elementor-widget-container\">\n\t\t\t\t\t\t\t<div class=\"elementor-spacer\">\n\t\t\t<div class=\"elementor-spacer-inner\"><\/div>\n\t\t<\/div>\n\t\t\t\t\t\t<\/div>\n\t\t\t\t<\/div>\n\t\t\t\t<div class=\"elementor-element elementor-element-148b8b0d elementor-widget elementor-widget-heading\" data-id=\"148b8b0d\" data-element_type=\"widget\" data-e-type=\"widget\" data-widget_type=\"heading.default\">\n\t\t\t\t<div class=\"elementor-widget-container\">\n\t\t\t\t\t<h2 class=\"elementor-heading-title elementor-size-default\">Inscrivez-vous \u00e0 notre formation<\/h2>\t\t\t\t<\/div>\n\t\t\t\t<\/div>\n\t\t\t\t<div class=\"elementor-element elementor-element-141fb201 elementor-widget elementor-widget-text-editor\" data-id=\"141fb201\" data-element_type=\"widget\" data-e-type=\"widget\" data-widget_type=\"text-editor.default\">\n\t\t\t\t<div class=\"elementor-widget-container\">\n\t\t\t\t\t\t\t\t\t<p>D\u00e9couvrez comment nos formations peuvent r\u00e9pondre \u00e0 vos objectifs en demandant un devis personnalis\u00e9 d\u00e8s maintenant.<\/p><p>Nous sommes pr\u00eats \u00e0 vous accompagner vers la r\u00e9ussite !<\/p>\t\t\t\t\t\t\t\t<\/div>\n\t\t\t\t<\/div>\n\t\t\t\t\t<\/div>\n\t\t\t\t<\/div>\n\t\t<div class=\"elementor-element elementor-element-35f40639 e-flex e-con-boxed e-con e-parent\" data-id=\"35f40639\" data-element_type=\"container\" data-e-type=\"container\">\n\t\t\t\t\t<div class=\"e-con-inner\">\n\t\t\t\t<div class=\"elementor-element elementor-element-5633363a elementor-widget elementor-widget-wpforms\" data-id=\"5633363a\" data-element_type=\"widget\" data-e-type=\"widget\" data-widget_type=\"wpforms.default\">\n\t\t\t\t<div class=\"elementor-widget-container\">\n\t\t\t\t\t<style id=\"wpforms-css-vars-elementor-widget-5633363a\">\n\t\t\t\t.elementor-widget-wpforms.elementor-element-5633363a {\n\t\t\t\t--wpforms-button-background-color: #740E7D;\n\t\t\t}\n\t\t\t<\/style><div class=\"wpforms-container wpforms-container-full wpforms-render-modern\" id=\"wpforms-9048\"><form id=\"wpforms-form-9048\" class=\"wpforms-validate wpforms-form wpforms-ajax-form\" data-formid=\"9048\" method=\"post\" enctype=\"multipart\/form-data\" action=\"\/en\/wp-json\/wp\/v2\/pages\/9314\" data-token=\"a6c62c2c4d83f90f5660c1e28b87d17d\" data-token-time=\"1776378144\"><noscript class=\"wpforms-error-noscript\">Please enable JavaScript in your browser to complete this form.<\/noscript><div id=\"wpforms-error-noscript\" style=\"display: none;\">Please enable JavaScript in your browser to complete this form.<\/div><div class=\"wpforms-field-container\"><div id=\"wpforms-9048-field_1-container\" class=\"wpforms-field wpforms-field-name\" data-field-id=\"1\"><label class=\"wpforms-field-label\" for=\"wpforms-9048-field_1\">Nom <span class=\"wpforms-required-label\" aria-hidden=\"true\">*<\/span><\/label><input type=\"text\" id=\"wpforms-9048-field_1\" class=\"wpforms-field-medium wpforms-field-required\" name=\"wpforms[fields][1]\" aria-errormessage=\"wpforms-9048-field_1-error\" required><\/div><div id=\"wpforms-9048-field_9-container\" class=\"wpforms-field wpforms-field-name\" data-field-id=\"9\"><label class=\"wpforms-field-label\" for=\"wpforms-9048-field_9\">Pr\u00e9nom <span class=\"wpforms-required-label\" aria-hidden=\"true\">*<\/span><\/label><input type=\"text\" id=\"wpforms-9048-field_9\" class=\"wpforms-field-medium wpforms-field-required\" name=\"wpforms[fields][9]\" aria-errormessage=\"wpforms-9048-field_9-error\" required><\/div><div id=\"wpforms-9048-field_5-container\" class=\"wpforms-field wpforms-field-email\" data-field-id=\"5\"><label class=\"wpforms-field-label\" for=\"wpforms-9048-field_5\">Email <span class=\"wpforms-required-label\" aria-hidden=\"true\">*<\/span><\/label><input type=\"email\" id=\"wpforms-9048-field_5\" class=\"wpforms-field-medium wpforms-field-required\" name=\"wpforms[fields][5]\" spellcheck=\"false\" aria-errormessage=\"wpforms-9048-field_5-error\" required><\/div><div id=\"wpforms-9048-field_7-container\" class=\"wpforms-field wpforms-field-number\" data-field-id=\"7\"><label class=\"wpforms-field-label\" for=\"wpforms-9048-field_7\">T\u00e9l\u00e9phone <span class=\"wpforms-required-label\" aria-hidden=\"true\">*<\/span><\/label><input type=\"number\" id=\"wpforms-9048-field_7\" class=\"wpforms-field-medium wpforms-field-required\" name=\"wpforms[fields][7]\" step=\"any\" aria-errormessage=\"wpforms-9048-field_7-error\" required><\/div><div id=\"wpforms-9048-field_8-container\" class=\"wpforms-field wpforms-field-text\" data-field-id=\"8\"><label class=\"wpforms-field-label\" for=\"wpforms-9048-field_8\">Quelle formation voulez-vous suivre ? <span class=\"wpforms-required-label\" aria-hidden=\"true\">*<\/span><\/label><input type=\"text\" id=\"wpforms-9048-field_8\" class=\"wpforms-field-medium wpforms-field-required\" name=\"wpforms[fields][8]\" placeholder=\"Nom de la formation qui vous int\u00e9resse\" aria-errormessage=\"wpforms-9048-field_8-error\" required><\/div><div id=\"wpforms-9048-field_13-container\" class=\"wpforms-field wpforms-field-radio\" data-field-id=\"13\"><fieldset><legend class=\"wpforms-field-label\">Merci d\u2019indiquer votre statut professionnel actuel. <span class=\"wpforms-required-label\" aria-hidden=\"true\">*<\/span><\/legend><ul id=\"wpforms-9048-field_13\" class=\"wpforms-field-required\"><li class=\"choice-1 depth-1\"><input type=\"radio\" id=\"wpforms-9048-field_13_1\" name=\"wpforms[fields][13]\" value=\"Salari\u00e9\" aria-errormessage=\"wpforms-9048-field_13_1-error\" required ><label class=\"wpforms-field-label-inline\" for=\"wpforms-9048-field_13_1\">Salari\u00e9<\/label><\/li><li class=\"choice-2 depth-1\"><input type=\"radio\" id=\"wpforms-9048-field_13_2\" name=\"wpforms[fields][13]\" value=\"Ind\u00e9pendant\" aria-errormessage=\"wpforms-9048-field_13_2-error\" required ><label class=\"wpforms-field-label-inline\" for=\"wpforms-9048-field_13_2\">Ind\u00e9pendant<\/label><\/li><li class=\"choice-5 depth-1\"><input type=\"radio\" id=\"wpforms-9048-field_13_5\" name=\"wpforms[fields][13]\" value=\"Demandeur d\u2019emploi\" aria-errormessage=\"wpforms-9048-field_13_5-error\" required ><label class=\"wpforms-field-label-inline\" for=\"wpforms-9048-field_13_5\">Demandeur d\u2019emploi<\/label><\/li><li class=\"choice-4 depth-1\"><input type=\"radio\" id=\"wpforms-9048-field_13_4\" name=\"wpforms[fields][13]\" value=\"Etudiant\" aria-errormessage=\"wpforms-9048-field_13_4-error\" required ><label class=\"wpforms-field-label-inline\" for=\"wpforms-9048-field_13_4\">Etudiant<\/label><\/li><li class=\"choice-6 depth-1\"><input type=\"radio\" id=\"wpforms-9048-field_13_6\" name=\"wpforms[fields][13]\" value=\"Autre\" aria-errormessage=\"wpforms-9048-field_13_6-error\" required ><label class=\"wpforms-field-label-inline\" for=\"wpforms-9048-field_13_6\">Autre<\/label><\/li><\/ul><\/fieldset><\/div><div id=\"wpforms-9048-field_12-container\" class=\"wpforms-field wpforms-field-text\" data-field-id=\"12\"><label class=\"wpforms-field-label\" for=\"wpforms-9048-field_12\">Si vous \u00eates demandeur d\u2019emploi, merci de nous transmettre votre num\u00e9ro d\u2019identification France Travail.<\/label><input type=\"text\" id=\"wpforms-9048-field_12\" class=\"wpforms-field-medium\" name=\"wpforms[fields][12]\" placeholder=\"Votre num\u00e9ro France Travail\" aria-errormessage=\"wpforms-9048-field_12-error\" ><\/div>\t\t<div id=\"wpforms-9048-field_2-container\"\n\t\t\tclass=\"wpforms-field wpforms-field-text\"\n\t\t\tdata-field-type=\"text\"\n\t\t\tdata-field-id=\"2\"\n\t\t\t>\n\t\t\t<label class=\"wpforms-field-label\" for=\"wpforms-9048-field_2\" >suivre de Pr\u00e9nom<\/label>\n\t\t\t<input type=\"text\" id=\"wpforms-9048-field_2\" class=\"wpforms-field-medium\" name=\"wpforms[fields][2]\" >\n\t\t<\/div>\n\t\t<div id=\"wpforms-9048-field_4-container\" class=\"wpforms-field wpforms-field-textarea\" data-field-id=\"4\"><label class=\"wpforms-field-label\" for=\"wpforms-9048-field_4\">Commentaires<\/label><textarea id=\"wpforms-9048-field_4\" class=\"wpforms-field-medium\" name=\"wpforms[fields][4]\" placeholder=\"Avez-vous des informations \u00e0 nous communiquer ?\" aria-errormessage=\"wpforms-9048-field_4-error\" ><\/textarea><\/div><div id=\"wpforms-9048-field_14-container\" class=\"wpforms-field wpforms-field-checkbox\" data-field-id=\"14\"><fieldset><legend class=\"wpforms-field-label\">Souhaitez-vous rester inform\u00e9(e) de nos actualit\u00e9s et opportunit\u00e9s \u00e0 venir ? <span class=\"wpforms-required-label\" aria-hidden=\"true\">*<\/span><\/legend><ul id=\"wpforms-9048-field_14\" class=\"wpforms-field-required\"><li class=\"choice-1 depth-1\"><input type=\"checkbox\" id=\"wpforms-9048-field_14_1\" name=\"wpforms[fields][14][]\" value=\"Newsletter\" aria-errormessage=\"wpforms-9048-field_14_1-error\" required ><label class=\"wpforms-field-label-inline\" for=\"wpforms-9048-field_14_1\">Newsletter<\/label><\/li><li class=\"choice-2 depth-1\"><input type=\"checkbox\" id=\"wpforms-9048-field_14_2\" name=\"wpforms[fields][14][]\" value=\"WhatsApp\" aria-errormessage=\"wpforms-9048-field_14_2-error\" required ><label class=\"wpforms-field-label-inline\" for=\"wpforms-9048-field_14_2\">WhatsApp<\/label><\/li><li class=\"choice-3 depth-1\"><input type=\"checkbox\" id=\"wpforms-9048-field_14_3\" name=\"wpforms[fields][14][]\" value=\"Je ne souhaite pas recevoir vos actualit\u00e9s\" aria-errormessage=\"wpforms-9048-field_14_3-error\" required ><label class=\"wpforms-field-label-inline\" for=\"wpforms-9048-field_14_3\">Je ne souhaite pas recevoir vos actualit\u00e9s<\/label><\/li><\/ul><\/fieldset><\/div><script>\n\t\t\t\t( function() {\n\t\t\t\t\tconst style = document.createElement( 'style' );\n\t\t\t\t\tstyle.appendChild( document.createTextNode( '#wpforms-9048-field_2-container { position: absolute !important; overflow: hidden !important; display: inline !important; height: 1px !important; width: 1px !important; z-index: -1000 !important; padding: 0 !important; } #wpforms-9048-field_2-container input { visibility: hidden; } #wpforms-conversational-form-page #wpforms-9048-field_2-container label { counter-increment: none; }' ) );\n\t\t\t\t\tdocument.head.appendChild( style );\n\t\t\t\t\tdocument.currentScript?.remove();\n\t\t\t\t} )();\n\t\t\t<\/script><\/div><!-- .wpforms-field-container --><div class=\"wpforms-submit-container\" ><input type=\"hidden\" name=\"wpforms[id]\" value=\"9048\"><input type=\"hidden\" name=\"page_title\" value=\"\"><input type=\"hidden\" name=\"page_url\" value=\"https:\/\/www.abondanceformation.com\/en\/wp-json\/wp\/v2\/pages\/9314\"><input type=\"hidden\" name=\"url_referer\" value=\"\"><button type=\"submit\" name=\"wpforms[submit]\" id=\"wpforms-submit-9048\" class=\"wpforms-submit\" data-alt-text=\"Envoi en cours...\" data-submit-text=\"Envoyer\" aria-live=\"assertive\" value=\"wpforms-submit\">Envoyer<\/button><img decoding=\"async\" src=\"https:\/\/www.abondanceformation.com\/wp-content\/plugins\/wpforms-lite\/assets\/images\/submit-spin.svg\" class=\"wpforms-submit-spinner\" style=\"display: none;\" width=\"26\" height=\"26\" alt=\"Loading\"><\/div><\/form><\/div>  <!-- .wpforms-container -->\t\t\t\t<\/div>\n\t\t\t\t<\/div>\n\t\t\t\t\t<\/div>\n\t\t\t\t<\/div>\n\t\t<div class=\"elementor-element elementor-element-2f52f89 e-flex e-con-boxed e-con e-parent\" data-id=\"2f52f89\" data-element_type=\"container\" data-e-type=\"container\">\n\t\t\t\t\t<div class=\"e-con-inner\">\n\t\t\t\t<div class=\"elementor-element elementor-element-4d58e257 elementor-widget elementor-widget-spacer\" data-id=\"4d58e257\" data-element_type=\"widget\" data-e-type=\"widget\" data-widget_type=\"spacer.default\">\n\t\t\t\t<div class=\"elementor-widget-container\">\n\t\t\t\t\t\t\t<div class=\"elementor-spacer\">\n\t\t\t<div class=\"elementor-spacer-inner\"><\/div>\n\t\t<\/div>\n\t\t\t\t\t\t<\/div>\n\t\t\t\t<\/div>\n\t\t\t\t\t<\/div>\n\t\t\t\t<\/div>\n\t\t\t\t<\/div>\n\t\t","protected":false},"excerpt":{"rendered":"<p>Inscrivez-vous \u00e0 notre formation D\u00e9couvrez comment nos formations peuvent r\u00e9pondre \u00e0 vos objectifs en demandant un devis personnalis\u00e9 d\u00e8s maintenant. Nous sommes pr\u00eats \u00e0 vous accompagner vers la r\u00e9ussite ! Veuillez activer JavaScript dans votre navigateur pour remplir ce formulaire.Veuillez activer JavaScript dans votre navigateur pour remplir ce formulaire.Nom *Pr\u00e9nom *Email *T\u00e9l\u00e9phone *Quelle formation voulez-vous [&hellip;]<\/p>\n","protected":false},"author":2,"featured_media":0,"parent":0,"menu_order":0,"comment_status":"closed","ping_status":"closed","template":"","meta":{"footnotes":""},"class_list":["post-9314","page","type-page","status-publish","hentry"],"aioseo_notices":[],"_links":{"self":[{"href":"https:\/\/www.abondanceformation.com\/en\/wp-json\/wp\/v2\/pages\/9314","targetHints":{"allow":["GET"]}}],"collection":[{"href":"https:\/\/www.abondanceformation.com\/en\/wp-json\/wp\/v2\/pages"}],"about":[{"href":"https:\/\/www.abondanceformation.com\/en\/wp-json\/wp\/v2\/types\/page"}],"author":[{"embeddable":true,"href":"https:\/\/www.abondanceformation.com\/en\/wp-json\/wp\/v2\/users\/2"}],"replies":[{"embeddable":true,"href":"https:\/\/www.abondanceformation.com\/en\/wp-json\/wp\/v2\/comments?post=9314"}],"version-history":[{"count":16,"href":"https:\/\/www.abondanceformation.com\/en\/wp-json\/wp\/v2\/pages\/9314\/revisions"}],"predecessor-version":[{"id":11159,"href":"https:\/\/www.abondanceformation.com\/en\/wp-json\/wp\/v2\/pages\/9314\/revisions\/11159"}],"wp:attachment":[{"href":"https:\/\/www.abondanceformation.com\/en\/wp-json\/wp\/v2\/media?parent=9314"}],"curies":[{"name":"wp","href":"https:\/\/api.w.org\/{rel}","templated":true}]}}