{"id":8983,"date":"2024-10-14T17:56:46","date_gmt":"2024-10-14T15:56:46","guid":{"rendered":"https:\/\/www.abondanceformation.com\/?page_id=8983"},"modified":"2025-12-11T16:49:08","modified_gmt":"2025-12-11T15:49:08","slug":"formations-salaries","status":"publish","type":"page","link":"https:\/\/www.abondanceformation.com\/en\/formations-salaries\/","title":{"rendered":"Employee training"},"content":{"rendered":"<div data-elementor-type=\"wp-page\" data-elementor-id=\"8983\" class=\"elementor elementor-8983\" data-elementor-post-type=\"page\">\n\t\t\t\t<div class=\"elementor-element elementor-element-546e6b38 e-flex e-con-boxed e-con e-parent\" data-id=\"546e6b38\" data-element_type=\"container\" data-e-type=\"container\" data-settings=\"{&quot;background_background&quot;:&quot;classic&quot;}\">\n\t\t\t\t\t<div class=\"e-con-inner\">\n\t\t<div class=\"elementor-element elementor-element-2e92e2ba e-flex e-con-boxed e-con e-child\" data-id=\"2e92e2ba\" data-element_type=\"container\" data-e-type=\"container\">\n\t\t\t\t\t<div class=\"e-con-inner\">\n\t\t\t\t\t<\/div>\n\t\t\t\t<\/div>\n\t\t\t\t\t<\/div>\n\t\t\t\t<\/div>\n\t\t<div class=\"elementor-element elementor-element-38e49fa1 e-flex e-con-boxed e-con e-parent\" data-id=\"38e49fa1\" data-element_type=\"container\" data-e-type=\"container\">\n\t\t\t\t\t<div class=\"e-con-inner\">\n\t\t<div class=\"elementor-element elementor-element-6dc20cae e-con-full e-flex e-con e-child\" data-id=\"6dc20cae\" data-element_type=\"container\" data-e-type=\"container\">\n\t\t<div class=\"elementor-element elementor-element-5470f1d9 e-con-full e-flex e-con e-child\" data-id=\"5470f1d9\" data-element_type=\"container\" data-e-type=\"container\">\n\t\t\t\t<div class=\"elementor-element elementor-element-7922168b elementor-widget elementor-widget-heading\" data-id=\"7922168b\" data-element_type=\"widget\" data-e-type=\"widget\" data-widget_type=\"heading.default\">\n\t\t\t\t<div class=\"elementor-widget-container\">\n\t\t\t\t\t<h2 class=\"elementor-heading-title elementor-size-default\">Training competent and productive employees<\/h2>\t\t\t\t<\/div>\n\t\t\t\t<\/div>\n\t\t\t\t<div class=\"elementor-element elementor-element-57e9073b elementor-widget elementor-widget-text-editor\" data-id=\"57e9073b\" data-element_type=\"widget\" data-e-type=\"widget\" data-widget_type=\"text-editor.default\">\n\t\t\t\t<div class=\"elementor-widget-container\">\n\t\t\t\t\t\t\t\t\t<p><span style=\"color: #000000;\"><a style=\"color: #000000;\" href=\"https:\/\/www.abondanceformation.com\/en\/pack-telecomunication-salaries\/\">01 - Telecommunications package<\/a><\/span><\/p><p><span style=\"color: #000000;\"><a style=\"color: #000000;\" href=\"https:\/\/www.abondanceformation.com\/en\/pack-securite-salaries\/\">02 - Safety pack<\/a><\/span><\/p><p><span style=\"color: #000000;\"><a style=\"color: #000000;\" href=\"https:\/\/www.abondanceformation.com\/en\/froid-industriel-et-climatisation\/\">03 - Industrial refrigeration and air conditioning<\/a><\/span><\/p><p><span style=\"color: #000000;\"><a style=\"color: #000000;\" href=\"https:\/\/www.abondanceformation.com\/en\/pack-salaries\/\">04 - Electricity package<\/a><\/span><\/p><p><span style=\"color: #000000;\"><a style=\"color: #000000;\" href=\"https:\/\/www.abondanceformation.com\/en\/pack-energie-solaire-salarie\/\">05 - Solar energy pack<\/a><\/span><\/p><p><span style=\"color: #000000;\"><a style=\"color: #000000;\" href=\"https:\/\/www.abondanceformation.com\/en\/pack-informatique-salaries\/\">06 - IT package<\/a><\/span><\/p><p><span style=\"color: #000000;\"><a style=\"color: #000000;\" href=\"https:\/\/www.abondanceformation.com\/en\/elementor-9819\/\">07 - Digital pack<\/a><\/span><\/p><p><span style=\"color: #000000;\"><a style=\"color: #000000;\" href=\"https:\/\/www.abondanceformation.com\/en\/pack-dessinateur-projeteur\/\">08 - Design draughtsman pack<\/a><\/span><\/p><p><span style=\"color: #000000;\"><a style=\"color: #000000;\" href=\"https:\/\/www.abondanceformation.com\/en\/pack-transport\/\">09 - Transport pack<\/a><\/span><\/p><p><span style=\"color: #000000;\"><a style=\"color: #000000;\" href=\"https:\/\/www.abondanceformation.com\/en\/elementor-9832\/\">10 - Electric mobility pack<\/a><\/span><\/p><p><span style=\"color: #000000;\"><a style=\"color: #000000;\" href=\"https:\/\/www.abondanceformation.com\/en\/pack-compta-et-gestion-de-stock-salaries\/\">11 - Accounting and stock management pack<\/a><\/span><\/p><p><span style=\"color: #000000;\"><a style=\"color: #000000;\" href=\"https:\/\/www.abondanceformation.com\/en\/pack-paie\/\">12 - Payroll package<\/a><\/span><\/p><p><span style=\"color: #000000;\"><a style=\"color: #000000;\" href=\"https:\/\/www.abondanceformation.com\/en\/pack-commerce-2\/\">13 - Trade pack<\/a><\/span><\/p><p><span style=\"color: #000000;\"><a style=\"color: #000000;\" href=\"https:\/\/www.abondanceformation.com\/en\/pack-creation-entreprise-salaries\/\">14 - Business start-up pack<\/a><\/span><\/p><p><span style=\"color: #000000;\"><a style=\"color: #000000;\" href=\"https:\/\/www.abondanceformation.com\/en\/pack-habilitations-electriques\/\">15 - Electrical certification pack<\/a><\/span><\/p><p><span style=\"color: #000000;\"><a style=\"color: #000000;\" href=\"https:\/\/www.abondanceformation.com\/en\/pack-securite-au-travail\/\">16 - Safety at work pack<\/a><\/span><\/p><p><span style=\"color: #000000;\"><a style=\"color: #000000;\" href=\"https:\/\/www.abondanceformation.com\/en\/pack-capacites-salaries\/\">17 - Capacity pack<\/a><\/span><\/p><p><span style=\"color: #000000;\"><a style=\"color: #000000;\" href=\"https:\/\/www.abondanceformation.com\/en\/pack-soudeur\/\">18 - Welder's pack<\/a><\/span><\/p><p><span style=\"color: #000000;\"><a style=\"color: #000000;\" href=\"https:\/\/www.abondanceformation.com\/en\/pack-intelligence-artificielle\/\">19 - Artificial Intelligence Pack<\/a><\/span><\/p>\t\t\t\t\t\t\t\t<\/div>\n\t\t\t\t<\/div>\n\t\t\t\t<\/div>\n\t\t\t\t<\/div>\n\t\t<div class=\"elementor-element elementor-element-2aac99d0 e-con-full e-flex e-con e-child\" data-id=\"2aac99d0\" data-element_type=\"container\" data-e-type=\"container\" data-settings=\"{&quot;background_background&quot;:&quot;classic&quot;}\">\n\t\t\t\t<div class=\"elementor-element elementor-element-8da8cfb elementor-widget elementor-widget-spacer\" data-id=\"8da8cfb\" data-element_type=\"widget\" data-e-type=\"widget\" data-widget_type=\"spacer.default\">\n\t\t\t\t<div class=\"elementor-widget-container\">\n\t\t\t\t\t\t\t<div class=\"elementor-spacer\">\n\t\t\t<div class=\"elementor-spacer-inner\"><\/div>\n\t\t<\/div>\n\t\t\t\t\t\t<\/div>\n\t\t\t\t<\/div>\n\t\t\t\t<\/div>\n\t\t\t\t\t<\/div>\n\t\t\t\t<\/div>\n\t\t\t\t<\/div>","protected":false},"excerpt":{"rendered":"<p>Formations des salari\u00e9s comp\u00e9tents et productifs 01 &#8211; Pack t\u00e9l\u00e9communication 02 &#8211; Pack s\u00e9curit\u00e9 03 &#8211; Froid industriel et climatisation 04 &#8211; Pack \u00e9lectricit\u00e9 05 &#8211; Pack \u00e9nergie solaire 06 &#8211; Pack informatique 07 &#8211; Pack digital 08 &#8211; Pack dessinateur projeteur 09 &#8211; Pack transport 10 &#8211; Pack mobilit\u00e9 \u00e9lectrique 11 &#8211; Pack compta [&hellip;]<\/p>\n","protected":false},"author":2,"featured_media":0,"parent":0,"menu_order":0,"comment_status":"closed","ping_status":"closed","template":"","meta":{"footnotes":""},"class_list":["post-8983","page","type-page","status-publish","hentry"],"aioseo_notices":[],"_links":{"self":[{"href":"https:\/\/www.abondanceformation.com\/en\/wp-json\/wp\/v2\/pages\/8983","targetHints":{"allow":["GET"]}}],"collection":[{"href":"https:\/\/www.abondanceformation.com\/en\/wp-json\/wp\/v2\/pages"}],"about":[{"href":"https:\/\/www.abondanceformation.com\/en\/wp-json\/wp\/v2\/types\/page"}],"author":[{"embeddable":true,"href":"https:\/\/www.abondanceformation.com\/en\/wp-json\/wp\/v2\/users\/2"}],"replies":[{"embeddable":true,"href":"https:\/\/www.abondanceformation.com\/en\/wp-json\/wp\/v2\/comments?post=8983"}],"version-history":[{"count":72,"href":"https:\/\/www.abondanceformation.com\/en\/wp-json\/wp\/v2\/pages\/8983\/revisions"}],"predecessor-version":[{"id":11575,"href":"https:\/\/www.abondanceformation.com\/en\/wp-json\/wp\/v2\/pages\/8983\/revisions\/11575"}],"wp:attachment":[{"href":"https:\/\/www.abondanceformation.com\/en\/wp-json\/wp\/v2\/media?parent=8983"}],"curies":[{"name":"wp","href":"https:\/\/api.w.org\/{rel}","templated":true}]}}