{"id":5284,"date":"2021-09-29T21:27:59","date_gmt":"2021-09-29T19:27:59","guid":{"rendered":"http:\/\/www.abondanceformation.com\/?page_id=5284"},"modified":"2025-12-11T16:44:58","modified_gmt":"2025-12-11T15:44:58","slug":"nos-formations","status":"publish","type":"page","link":"https:\/\/www.abondanceformation.com\/en\/accueil\/nos-formations\/","title":{"rendered":"Our training courses"},"content":{"rendered":"<div data-elementor-type=\"wp-page\" data-elementor-id=\"5284\" class=\"elementor elementor-5284\" data-elementor-post-type=\"page\">\n\t\t\t\t<div class=\"elementor-element elementor-element-a0ed2af e-flex e-con-boxed e-con e-parent\" data-id=\"a0ed2af\" data-element_type=\"container\" data-e-type=\"container\">\n\t\t\t\t\t<div class=\"e-con-inner\">\n\t\t\t\t<div class=\"elementor-element elementor-element-15c64e0b elementor-icon-list--layout-inline elementor-list-item-link-inline elementor-align-center elementor-mobile-align-center elementor-widget elementor-widget-icon-list\" data-id=\"15c64e0b\" data-element_type=\"widget\" data-e-type=\"widget\" data-widget_type=\"icon-list.default\">\n\t\t\t\t<div class=\"elementor-widget-container\">\n\t\t\t\t\t\t\t<ul class=\"elementor-icon-list-items elementor-inline-items\">\n\t\t\t\t\t\t\t<li class=\"elementor-icon-list-item elementor-inline-item\">\n\t\t\t\t\t\t\t\t\t\t\t<a href=\"https:\/\/www.abondanceformation.com\/en\">\n\n\t\t\t\t\t\t\t\t\t\t\t<span class=\"elementor-icon-list-text\">Abondance Formation<\/span>\n\t\t\t\t\t\t\t\t\t\t\t<\/a>\n\t\t\t\t\t\t\t\t\t<\/li>\n\t\t\t\t\t\t\t\t<li class=\"elementor-icon-list-item elementor-inline-item\">\n\t\t\t\t\t\t\t\t\t\t\t<a href=\"https:\/\/www.abondanceformation.com\/en\/accueil\/nos-formations\/\">\n\n\t\t\t\t\t\t\t\t\t\t\t\t<span class=\"elementor-icon-list-icon\">\n\t\t\t\t\t\t\t<svg aria-hidden=\"true\" class=\"e-font-icon-svg e-fas-angle-right\" viewbox=\"0 0 256 512\" xmlns=\"http:\/\/www.w3.org\/2000\/svg\"><path d=\"M224.3 273l-136 136c-9.4 9.4-24.6 9.4-33.9 0l-22.6-22.6c-9.4-9.4-9.4-24.6 0-33.9l96.4-96.4-96.4-96.4c-9.4-9.4-9.4-24.6 0-33.9L54.3 103c9.4-9.4 24.6-9.4 33.9 0l136 136c9.5 9.4 9.5 24.6.1 34z\"><\/path><\/svg>\t\t\t\t\t\t<\/span>\n\t\t\t\t\t\t\t\t\t\t<span class=\"elementor-icon-list-text\"><\/span>\n\t\t\t\t\t\t\t\t\t\t\t<\/a>\n\t\t\t\t\t\t\t\t\t<\/li>\n\t\t\t\t\t\t<\/ul>\n\t\t\t\t\t\t<\/div>\n\t\t\t\t<\/div>\n\t\t\t\t\t<\/div>\n\t\t\t\t<\/div>\n\t\t<div class=\"elementor-element elementor-element-76a06b02 e-flex e-con-boxed e-con e-parent\" data-id=\"76a06b02\" data-element_type=\"container\" data-e-type=\"container\" data-settings=\"{&quot;background_background&quot;:&quot;classic&quot;}\">\n\t\t\t\t\t<div class=\"e-con-inner\">\n\t\t<div class=\"elementor-element elementor-element-3f71d945 e-flex e-con-boxed e-con e-child\" data-id=\"3f71d945\" data-element_type=\"container\" data-e-type=\"container\">\n\t\t\t\t\t<div class=\"e-con-inner\">\n\t\t\t\t\t<\/div>\n\t\t\t\t<\/div>\n\t\t\t\t\t<\/div>\n\t\t\t\t<\/div>\n\t\t<div class=\"elementor-element elementor-element-5633a40a e-flex e-con-boxed e-con e-parent\" data-id=\"5633a40a\" data-element_type=\"container\" data-e-type=\"container\">\n\t\t\t\t\t<div class=\"e-con-inner\">\n\t\t\t\t<div class=\"elementor-element elementor-element-185c3ddf elementor-widget elementor-widget-spacer\" data-id=\"185c3ddf\" data-element_type=\"widget\" data-e-type=\"widget\" data-widget_type=\"spacer.default\">\n\t\t\t\t<div class=\"elementor-widget-container\">\n\t\t\t\t\t\t\t<div class=\"elementor-spacer\">\n\t\t\t<div class=\"elementor-spacer-inner\"><\/div>\n\t\t<\/div>\n\t\t\t\t\t\t<\/div>\n\t\t\t\t<\/div>\n\t\t\t\t<div class=\"elementor-element elementor-element-6777d2f8 elementor-widget elementor-widget-heading\" data-id=\"6777d2f8\" data-element_type=\"widget\" data-e-type=\"widget\" data-widget_type=\"heading.default\">\n\t\t\t\t<div class=\"elementor-widget-container\">\n\t\t\t\t\t<h2 class=\"elementor-heading-title elementor-size-default\">Discover all our training courses<\/h2>\t\t\t\t<\/div>\n\t\t\t\t<\/div>\n\t\t\t\t<div class=\"elementor-element elementor-element-7d464da elementor-widget elementor-widget-text-editor\" data-id=\"7d464da\" data-element_type=\"widget\" data-e-type=\"widget\" data-widget_type=\"text-editor.default\">\n\t\t\t\t<div class=\"elementor-widget-container\">\n\t\t\t\t\t\t\t\t\t<p>Discover our catalogue of training courses and find the one that will take you to the next level.<\/p><p>We're sure to have the one you need.<\/p>\t\t\t\t\t\t\t\t<\/div>\n\t\t\t\t<\/div>\n\t\t\t\t\t<\/div>\n\t\t\t\t<\/div>\n\t\t<div class=\"elementor-element elementor-element-c87749e e-flex e-con-boxed e-con e-parent\" data-id=\"c87749e\" data-element_type=\"container\" data-e-type=\"container\">\n\t\t\t\t\t<div class=\"e-con-inner\">\n\t\t<div class=\"elementor-element elementor-element-4b4234ab e-flex e-con-boxed e-con e-child\" data-id=\"4b4234ab\" data-element_type=\"container\" data-e-type=\"container\">\n\t\t\t\t\t<div class=\"e-con-inner\">\n\t\t<div class=\"elementor-element elementor-element-1451e00a e-con-full e-flex e-con e-child\" data-id=\"1451e00a\" data-element_type=\"container\" data-e-type=\"container\">\n\t\t\t\t<div class=\"elementor-element elementor-element-581da8c5 elementor-widget elementor-widget-heading\" data-id=\"581da8c5\" data-element_type=\"widget\" data-e-type=\"widget\" data-widget_type=\"heading.default\">\n\t\t\t\t<div class=\"elementor-widget-container\">\n\t\t\t\t\t<h2 class=\"elementor-heading-title elementor-size-default\">Training competent and productive employees<\/h2>\t\t\t\t<\/div>\n\t\t\t\t<\/div>\n\t\t\t\t<div class=\"elementor-element elementor-element-a184712 elementor-widget elementor-widget-text-editor\" data-id=\"a184712\" data-element_type=\"widget\" data-e-type=\"widget\" data-widget_type=\"text-editor.default\">\n\t\t\t\t<div class=\"elementor-widget-container\">\n\t\t\t\t\t\t\t\t\t<p><span style=\"color: #000000;\"><a style=\"color: #000000;\" href=\"https:\/\/www.abondanceformation.com\/en\/pack-telecomunication-salaries\/\">01 - Telecommunications package<\/a><\/span><\/p><p><span style=\"color: #000000;\"><a style=\"color: #000000;\" href=\"https:\/\/www.abondanceformation.com\/en\/pack-securite-salaries\/\">02 - Safety pack<\/a><\/span><\/p><p><span style=\"color: #000000;\"><a style=\"color: #000000;\" href=\"https:\/\/www.abondanceformation.com\/en\/froid-industriel-et-climatisation\/\">03 - Industrial refrigeration and air conditioning<\/a><\/span><\/p><p><span style=\"color: #000000;\"><a style=\"color: #000000;\" href=\"https:\/\/www.abondanceformation.com\/en\/pack-salaries\/\">04 - Electricity package<\/a><\/span><\/p><p><span style=\"color: #000000;\"><a style=\"color: #000000;\" href=\"https:\/\/www.abondanceformation.com\/en\/pack-energie-solaire-salarie\/\">05 - Solar energy pack<\/a><\/span><\/p><p><span style=\"color: #000000;\"><a style=\"color: #000000;\" href=\"https:\/\/www.abondanceformation.com\/en\/pack-informatique-salaries\/\">06 - IT package<\/a><\/span><\/p><p><span style=\"color: #000000;\"><a style=\"color: #000000;\" href=\"https:\/\/www.abondanceformation.com\/en\/elementor-9819\/\">07 - Digital pack<\/a><\/span><\/p><p><span style=\"color: #000000;\"><a style=\"color: #000000;\" href=\"https:\/\/www.abondanceformation.com\/en\/pack-dessinateur-projeteur\/\">08 - Design draughtsman pack<\/a><\/span><\/p><p><span style=\"color: #000000;\"><a style=\"color: #000000;\" href=\"https:\/\/www.abondanceformation.com\/en\/pack-transport\/\">09 - Transport pack<\/a><\/span><\/p><p><span style=\"color: #000000;\"><a style=\"color: #000000;\" href=\"https:\/\/www.abondanceformation.com\/en\/elementor-9832\/\">10 - Electric mobility pack<\/a><\/span><\/p><p><span style=\"color: #000000;\"><a style=\"color: #000000;\" href=\"https:\/\/www.abondanceformation.com\/en\/pack-compta-et-gestion-de-stock-salaries\/\">11 - Accounting and stock management pack<\/a><\/span><\/p><p><span style=\"color: #000000;\"><a style=\"color: #000000;\" href=\"https:\/\/www.abondanceformation.com\/en\/pack-paie\/\">12 - Payroll package<\/a><\/span><\/p><p><span style=\"color: #000000;\"><a style=\"color: #000000;\" href=\"https:\/\/www.abondanceformation.com\/en\/pack-commerce-2\/\">13 - Trade pack<\/a><\/span><\/p><p><span style=\"color: #000000;\"><a style=\"color: #000000;\" href=\"https:\/\/www.abondanceformation.com\/en\/pack-creation-entreprise-salaries\/\">14 - Business start-up pack<\/a><\/span><\/p><p><span style=\"color: #000000;\"><a style=\"color: #000000;\" href=\"https:\/\/www.abondanceformation.com\/en\/pack-habilitations-electriques\/\">15 - Electrical certification pack<\/a><\/span><\/p><p><span style=\"color: #000000;\"><a style=\"color: #000000;\" href=\"https:\/\/www.abondanceformation.com\/en\/pack-securite-au-travail\/\">16 - Safety at work pack<\/a><\/span><\/p><p><span style=\"color: #000000;\"><a style=\"color: #000000;\" href=\"https:\/\/www.abondanceformation.com\/en\/pack-capacites-salaries\/\">17 - Capacity pack<\/a><\/span><\/p><p><span style=\"color: #000000;\"><a style=\"color: #000000;\" href=\"https:\/\/www.abondanceformation.com\/en\/pack-soudeur\/\">18 - Welder's pack<\/a><\/span><\/p><p><span style=\"color: #000000;\"><a style=\"color: #000000;\" href=\"https:\/\/www.abondanceformation.com\/en\/pack-intelligence-artificielle\/\">19 - Artificial Intelligence Pack<\/a><\/span><\/p>\t\t\t\t\t\t\t\t<\/div>\n\t\t\t\t<\/div>\n\t\t\t\t<div class=\"elementor-element elementor-element-5c89f3ce elementor-widget elementor-widget-heading\" data-id=\"5c89f3ce\" data-element_type=\"widget\" data-e-type=\"widget\" data-widget_type=\"heading.default\">\n\t\t\t\t<div class=\"elementor-widget-container\">\n\t\t\t\t\t<h2 class=\"elementor-heading-title elementor-size-default\">Refresher courses<\/h2>\t\t\t\t<\/div>\n\t\t\t\t<\/div>\n\t\t\t\t<div class=\"elementor-element elementor-element-364616fb elementor-widget elementor-widget-text-editor\" data-id=\"364616fb\" data-element_type=\"widget\" data-e-type=\"widget\" data-widget_type=\"text-editor.default\">\n\t\t\t\t<div class=\"elementor-widget-container\">\n\t\t\t\t\t\t\t\t\t<p><span style=\"color: #000000;\"><a style=\"color: #000000;\" href=\"https:\/\/www.abondanceformation.com\/en\/remise-a-niveau-francais-3\/\">01 - French pack<\/a><\/span><\/p><p>02 - IT package<\/p><p>03 - Accounting and payroll pack<\/p>\t\t\t\t\t\t\t\t<\/div>\n\t\t\t\t<\/div>\n\t\t\t\t<\/div>\n\t\t<div class=\"elementor-element elementor-element-477038b5 e-con-full e-flex e-con e-child\" data-id=\"477038b5\" data-element_type=\"container\" data-e-type=\"container\">\n\t\t\t\t<div class=\"elementor-element elementor-element-10e8f5d9 elementor-widget elementor-widget-heading\" data-id=\"10e8f5d9\" data-element_type=\"widget\" data-e-type=\"widget\" data-widget_type=\"heading.default\">\n\t\t\t\t<div class=\"elementor-widget-container\">\n\t\t\t\t\t<h2 class=\"elementor-heading-title elementor-size-default\">Courses leading to qualifications and diplomas under apprenticeship contracts<\/h2>\t\t\t\t<\/div>\n\t\t\t\t<\/div>\n\t\t\t\t<div class=\"elementor-element elementor-element-54b3a4bb elementor-widget elementor-widget-text-editor\" data-id=\"54b3a4bb\" data-element_type=\"widget\" data-e-type=\"widget\" data-widget_type=\"text-editor.default\">\n\t\t\t\t<div class=\"elementor-widget-container\">\n\t\t\t\t\t\t\t\t\t<p><span style=\"color: #000000;\"><a style=\"color: #000000;\" href=\"https:\/\/www.abondanceformation.com\/en\/monteur-et-depanneur-frigoriste\/\">01 - REFRIGERATION FITTER AND REPAIRER<\/a><\/span><\/p><p><span style=\"color: #000000;\"><a style=\"color: #000000;\" href=\"https:\/\/www.abondanceformation.com\/en\/monteur-depanneur-en-climatisation\/\">02 - AIR CONDITIONING FITTER AND REPAIRER<\/a><\/span><\/p><p><span style=\"color: #000000;\"><a style=\"color: #000000;\" href=\"https:\/\/www.abondanceformation.com\/en\/technicien-dequipement-et-dexploitation-en-electricite-2\/\">03 - ELECTRICAL EQUIPMENT AND OPERATIONS TECHNICIAN<\/a><\/span><\/p><p><span style=\"color: #000000;\"><a style=\"color: #000000;\" href=\"https:\/\/www.abondanceformation.com\/en\/conseiller-de-vente-3\/\">04 - SALES CONSULTANT<\/a><\/span><\/p><p><span style=\"color: #000000;\"><a style=\"color: #000000;\" href=\"https:\/\/www.abondanceformation.com\/en\/agent-magasinier-3\/\">05 - WAREHOUSE AGENT<\/a><\/span><\/p><p><span style=\"color: #000000;\"><a style=\"color: #000000;\" href=\"https:\/\/www.abondanceformation.com\/en\/soudeur-assembleur-industriel\/\">06 - INDUSTRIAL ASSEMBLER WELDER<\/a><\/span><\/p><p><span style=\"color: #000000;\"><a style=\"color: #000000;\" href=\"https:\/\/www.abondanceformation.com\/en\/technicien-dassistance-informatique\/\">07 - COMPUTER SUPPORT TECHNICIAN<\/a><\/span><\/p>\t\t\t\t\t\t\t\t<\/div>\n\t\t\t\t<\/div>\n\t\t\t\t<div class=\"elementor-element elementor-element-5d3789b4 elementor-widget elementor-widget-heading\" data-id=\"5d3789b4\" data-element_type=\"widget\" data-e-type=\"widget\" data-widget_type=\"heading.default\">\n\t\t\t\t<div class=\"elementor-widget-container\">\n\t\t\t\t\t<h2 class=\"elementor-heading-title elementor-size-default\">Training for jobseekers<\/h2>\t\t\t\t<\/div>\n\t\t\t\t<\/div>\n\t\t\t\t<div class=\"elementor-element elementor-element-490c267e elementor-widget elementor-widget-text-editor\" data-id=\"490c267e\" data-element_type=\"widget\" data-e-type=\"widget\" data-widget_type=\"text-editor.default\">\n\t\t\t\t<div class=\"elementor-widget-container\">\n\t\t\t\t\t\t\t\t\t<p><span style=\"color: #000000;\"><a style=\"color: #000000;\" href=\"https:\/\/www.abondanceformation.com\/en\/froid-industriel-et-climatisation\/\">01 - Industrial refrigeration and air conditioning\u00a0<\/a><\/span><\/p><p><span style=\"color: #000000;\"><a style=\"color: #000000;\" href=\"https:\/\/www.abondanceformation.com\/en\/pack-commerce\/\">02 - Business Pack\u00a0<\/a><\/span><\/p><p><span style=\"color: #000000;\"><a style=\"color: #000000;\" href=\"https:\/\/www.abondanceformation.com\/en\/pack-comptabilite-et-gestion-dune-entreprise\/\">03 - Accounting and business management pack<\/a><\/span><\/p><p><span style=\"color: #000000;\"><a style=\"color: #000000;\" href=\"https:\/\/www.abondanceformation.com\/en\/pack-electricite\/\">04 - Electricity Pack\u00a0<\/a><\/span><\/p><p><span style=\"color: #000000;\"><a style=\"color: #000000;\" href=\"https:\/\/www.abondanceformation.com\/en\/pack-energie-solaire\/\">05 - Solar Energy Pack<\/a><\/span><\/p><p><span style=\"color: #000000;\"><a style=\"color: #000000;\" href=\"https:\/\/www.abondanceformation.com\/en\/elementor-page-9556\/\">06 - Entrepreneur Pack<\/a><\/span><\/p><p><span style=\"color: #000000;\"><a style=\"color: #000000;\" href=\"https:\/\/www.abondanceformation.com\/en\/pack-gestion-de-stock\/\">07 - Stock management pack\u00a0<\/a><\/span><\/p><p><span style=\"color: #000000;\"><a style=\"color: #000000;\" href=\"https:\/\/www.abondanceformation.com\/en\/pack-habilitations-electriques\/\">08 - Electrical Approvals Pack<\/a><\/span><\/p><p><span style=\"color: #000000;\"><a style=\"color: #000000;\" href=\"https:\/\/www.abondanceformation.com\/en\/pack-metiers-du-port\/\">09 - Port Trades Pack\u00a0<\/a><\/span><\/p><p>10 - Building Modelling Pack<\/p><p><span style=\"color: #000000;\"><a style=\"color: #000000;\" href=\"https:\/\/www.abondanceformation.com\/en\/pack-paie-de\/\">11 - Payroll Pack<\/a><\/span><\/p><p><span style=\"color: #000000;\"><a style=\"color: #000000;\" href=\"https:\/\/www.abondanceformation.com\/en\/pack-proprete-et-hygiene\/\">12 - Cleanliness and hygiene pack<\/a><\/span><\/p><p><span style=\"color: #000000;\"><a style=\"color: #000000;\" href=\"https:\/\/www.abondanceformation.com\/en\/pack-securite-au-travail-2\/\">13 - Workplace Safety Pack\u00a0<\/a><\/span><\/p><p><span style=\"color: #000000;\"><a style=\"color: #000000;\" href=\"https:\/\/www.abondanceformation.com\/en\/pack-telecommunication\/\">14 - Telecommunications pack\u00a0<\/a><\/span><\/p><p><span style=\"color: #000000;\"><a style=\"color: #000000;\" href=\"https:\/\/www.abondanceformation.com\/en\/pack-transport-2\/\">15 - Transport Pack\u00a0<\/a><\/span><\/p><p><span style=\"color: #000000;\"><a style=\"color: #000000;\" href=\"https:\/\/www.abondanceformation.com\/en\/pack-web-digital\/\">16 - Digital Web Pack<\/a><\/span><\/p><p><span style=\"color: #000000;\"><a style=\"color: #000000;\" href=\"https:\/\/www.abondanceformation.com\/en\/pack-soudeur\/\">17 - Welder's pack<\/a><\/span><\/p><p><span style=\"color: #000000;\"><a style=\"color: #000000;\" href=\"https:\/\/www.abondanceformation.com\/en\/pack-informatique-salaries\/\">18 - IT package<\/a><\/span><\/p>\t\t\t\t\t\t\t\t<\/div>\n\t\t\t\t<\/div>\n\t\t\t\t<\/div>\n\t\t\t\t\t<\/div>\n\t\t\t\t<\/div>\n\t\t\t\t\t<\/div>\n\t\t\t\t<\/div>\n\t\t<div class=\"elementor-element elementor-element-6203b041 e-flex e-con-boxed e-con e-parent\" data-id=\"6203b041\" data-element_type=\"container\" data-e-type=\"container\">\n\t\t\t\t\t<div class=\"e-con-inner\">\n\t\t\t\t<div class=\"elementor-element elementor-element-5dd8bebc elementor-widget elementor-widget-spacer\" data-id=\"5dd8bebc\" data-element_type=\"widget\" data-e-type=\"widget\" data-widget_type=\"spacer.default\">\n\t\t\t\t<div class=\"elementor-widget-container\">\n\t\t\t\t\t\t\t<div class=\"elementor-spacer\">\n\t\t\t<div class=\"elementor-spacer-inner\"><\/div>\n\t\t<\/div>\n\t\t\t\t\t\t<\/div>\n\t\t\t\t<\/div>\n\t\t\t\t\t<\/div>\n\t\t\t\t<\/div>\n\t\t\t\t<\/div>","protected":false},"excerpt":{"rendered":"<p>D\u00e9couvrez toutes nos formations D\u00e9couvrez notre catalogue de formations et trouvez celle qui vous permettra de passer au niveau sup\u00e9rieur. Nous avons forc\u00e9ment celle dont vous avez besoin. Formations des salari\u00e9s comp\u00e9tents et productifs 01 &#8211; Pack t\u00e9l\u00e9communication 02 &#8211; Pack s\u00e9curit\u00e9 03 &#8211; Froid industriel et climatisation 04 &#8211; Pack \u00e9lectricit\u00e9 05 &#8211; Pack [&hellip;]<\/p>\n","protected":false},"author":5,"featured_media":0,"parent":1800,"menu_order":0,"comment_status":"closed","ping_status":"closed","template":"","meta":{"footnotes":""},"class_list":["post-5284","page","type-page","status-publish","hentry"],"aioseo_notices":[],"_links":{"self":[{"href":"https:\/\/www.abondanceformation.com\/en\/wp-json\/wp\/v2\/pages\/5284","targetHints":{"allow":["GET"]}}],"collection":[{"href":"https:\/\/www.abondanceformation.com\/en\/wp-json\/wp\/v2\/pages"}],"about":[{"href":"https:\/\/www.abondanceformation.com\/en\/wp-json\/wp\/v2\/types\/page"}],"author":[{"embeddable":true,"href":"https:\/\/www.abondanceformation.com\/en\/wp-json\/wp\/v2\/users\/5"}],"replies":[{"embeddable":true,"href":"https:\/\/www.abondanceformation.com\/en\/wp-json\/wp\/v2\/comments?post=5284"}],"version-history":[{"count":221,"href":"https:\/\/www.abondanceformation.com\/en\/wp-json\/wp\/v2\/pages\/5284\/revisions"}],"predecessor-version":[{"id":11572,"href":"https:\/\/www.abondanceformation.com\/en\/wp-json\/wp\/v2\/pages\/5284\/revisions\/11572"}],"up":[{"embeddable":true,"href":"https:\/\/www.abondanceformation.com\/en\/wp-json\/wp\/v2\/pages\/1800"}],"wp:attachment":[{"href":"https:\/\/www.abondanceformation.com\/en\/wp-json\/wp\/v2\/media?parent=5284"}],"curies":[{"name":"wp","href":"https:\/\/api.w.org\/{rel}","templated":true}]}}