{"id":11224,"date":"2025-06-06T09:07:52","date_gmt":"2025-06-06T07:07:52","guid":{"rendered":"https:\/\/www.abondanceformation.com\/?page_id=11224"},"modified":"2025-06-17T23:43:18","modified_gmt":"2025-06-17T21:43:18","slug":"newsletter-abondance-formation","status":"publish","type":"page","link":"https:\/\/www.abondanceformation.com\/en\/newsletter-abondance-formation\/","title":{"rendered":"Newsletter - Abondance Formation"},"content":{"rendered":"<div data-elementor-type=\"wp-page\" data-elementor-id=\"11224\" class=\"elementor elementor-11224\" data-elementor-post-type=\"page\">\n\t\t\t\t<div class=\"elementor-element elementor-element-7ddc53a2 e-con-full e-flex e-con e-parent\" data-id=\"7ddc53a2\" data-element_type=\"container\" data-e-type=\"container\" data-settings=\"{&quot;background_background&quot;:&quot;classic&quot;}\">\n\t\t\t\t<div class=\"elementor-element elementor-element-31201622 elementor-widget elementor-widget-heading\" data-id=\"31201622\" data-element_type=\"widget\" data-e-type=\"widget\" data-widget_type=\"heading.default\">\n\t\t\t\t<div class=\"elementor-widget-container\">\n\t\t\t\t\t<h2 class=\"elementor-heading-title elementor-size-default\">June Newsletter<\/h2>\t\t\t\t<\/div>\n\t\t\t\t<\/div>\n\t\t\t\t<\/div>\n\t\t<div class=\"elementor-element elementor-element-3a6e630b e-flex e-con-boxed e-con e-parent\" data-id=\"3a6e630b\" data-element_type=\"container\" data-e-type=\"container\">\n\t\t\t\t\t<div class=\"e-con-inner\">\n\t\t\t\t<div class=\"elementor-element elementor-element-4a511ce7 elementor-widget elementor-widget-spacer\" data-id=\"4a511ce7\" data-element_type=\"widget\" data-e-type=\"widget\" data-widget_type=\"spacer.default\">\n\t\t\t\t<div class=\"elementor-widget-container\">\n\t\t\t\t\t\t\t<div class=\"elementor-spacer\">\n\t\t\t<div class=\"elementor-spacer-inner\"><\/div>\n\t\t<\/div>\n\t\t\t\t\t\t<\/div>\n\t\t\t\t<\/div>\n\t\t\t\t\t<\/div>\n\t\t\t\t<\/div>\n\t\t<div class=\"elementor-element elementor-element-6825b51a e-flex e-con-boxed e-con e-parent\" data-id=\"6825b51a\" data-element_type=\"container\" data-e-type=\"container\">\n\t\t\t\t\t<div class=\"e-con-inner\">\n\t\t<div class=\"elementor-element elementor-element-2a125c60 e-con-full e-flex e-con e-child\" data-id=\"2a125c60\" data-element_type=\"container\" data-e-type=\"container\">\n\t\t\t\t<div class=\"elementor-element elementor-element-51e31e8f elementor-widget__width-initial elementor-widget elementor-widget-heading\" data-id=\"51e31e8f\" data-element_type=\"widget\" data-e-type=\"widget\" data-widget_type=\"heading.default\">\n\t\t\t\t<div class=\"elementor-widget-container\">\n\t\t\t\t\t<h2 class=\"elementor-heading-title elementor-size-default\">Transport or Cold :<\/h2>\t\t\t\t<\/div>\n\t\t\t\t<\/div>\n\t\t\t\t<div class=\"elementor-element elementor-element-ea7815c elementor-widget__width-initial elementor-widget elementor-widget-heading\" data-id=\"ea7815c\" data-element_type=\"widget\" data-e-type=\"widget\" data-widget_type=\"heading.default\">\n\t\t\t\t<div class=\"elementor-widget-container\">\n\t\t\t\t\t<h2 class=\"elementor-heading-title elementor-size-default\">Get training now so you can practise legally!<\/h2>\t\t\t\t<\/div>\n\t\t\t\t<\/div>\n\t\t\t\t<\/div>\n\t\t\t\t\t<\/div>\n\t\t\t\t<\/div>\n\t\t<div class=\"elementor-element elementor-element-fb02c60 e-flex e-con-boxed e-con e-parent\" data-id=\"fb02c60\" data-element_type=\"container\" data-e-type=\"container\">\n\t\t\t\t\t<div class=\"e-con-inner\">\n\t\t<div class=\"elementor-element elementor-element-37df1db7 e-con-full e-flex e-con e-child\" data-id=\"37df1db7\" data-element_type=\"container\" data-e-type=\"container\">\n\t\t\t\t<div class=\"elementor-element elementor-element-670f97bb elementor-widget elementor-widget-text-editor\" data-id=\"670f97bb\" data-element_type=\"widget\" data-e-type=\"widget\" data-widget_type=\"text-editor.default\">\n\t\t\t\t<div class=\"elementor-widget-container\">\n\t\t\t\t\t\t\t\t\t<p><span style=\"color: #000000;\">You are planning to <strong>start your own business<\/strong>, <strong>develop your career<\/strong> or <strong>obtain compulsory certification <\/strong>to practise a regulated profession?<\/span><\/p><p><span style=\"color: #000000;\">At <strong>Abondance Formation<\/strong>We can offer you a complete training programme in two growth sectors: <strong>road transport<\/strong> and <strong>refrigeration\/air conditioning<\/strong>.<\/span><\/p><p><span style=\"color: #000000;\">\ud83d\udcc5 <strong>Frigoriste :<\/strong><\/span><\/p><p><span style=\"color: #000000;\"><strong>23 June 2025 - Cayenne<\/strong><\/span><\/p><p><span style=\"color: #000000;\">\ud83d\udcc5 <strong>Next school year Freight transport skills :<\/strong><\/span><\/p><p><span style=\"color: #000000;\"><strong>4 August 2025 - In Cayenne<\/strong><\/span><\/p>\t\t\t\t\t\t\t\t<\/div>\n\t\t\t\t<\/div>\n\t\t\t\t<\/div>\n\t\t<div class=\"elementor-element elementor-element-41ac8ae4 e-con-full e-flex e-con e-child\" data-id=\"41ac8ae4\" data-element_type=\"container\" data-e-type=\"container\">\n\t\t\t\t<div class=\"elementor-element elementor-element-2fc1faaf elementor-widget elementor-widget-image\" data-id=\"2fc1faaf\" data-element_type=\"widget\" data-e-type=\"widget\" data-widget_type=\"image.default\">\n\t\t\t\t<div class=\"elementor-widget-container\">\n\t\t\t\t\t\t\t\t\t\t\t\t\t\t\t<img fetchpriority=\"high\" decoding=\"async\" width=\"800\" height=\"800\" src=\"https:\/\/www.abondanceformation.com\/wp-content\/uploads\/2024\/10\/FRIGORISTE.png\" class=\"attachment-large size-large wp-image-9921\" alt=\"PACK TECHNICIEN FROID INDUSTRIEL &amp; CLIMATISATION\" srcset=\"https:\/\/www.abondanceformation.com\/wp-content\/uploads\/2024\/10\/FRIGORISTE.png 1080w, https:\/\/www.abondanceformation.com\/wp-content\/uploads\/2024\/10\/FRIGORISTE-640x640.png 640w, https:\/\/www.abondanceformation.com\/wp-content\/uploads\/2024\/10\/FRIGORISTE-160x160.png 160w, https:\/\/www.abondanceformation.com\/wp-content\/uploads\/2024\/10\/FRIGORISTE-768x768.png 768w\" sizes=\"(max-width: 800px) 100vw, 800px\" \/>\t\t\t\t\t\t\t\t\t\t\t\t\t\t\t<\/div>\n\t\t\t\t<\/div>\n\t\t\t\t<\/div>\n\t\t\t\t\t<\/div>\n\t\t\t\t<\/div>\n\t\t<div class=\"elementor-element elementor-element-238e6dec e-flex e-con-boxed e-con e-parent\" data-id=\"238e6dec\" data-element_type=\"container\" data-e-type=\"container\">\n\t\t\t\t\t<div class=\"e-con-inner\">\n\t\t\t\t<div class=\"elementor-element elementor-element-1e08dea7 elementor-widget elementor-widget-spacer\" data-id=\"1e08dea7\" data-element_type=\"widget\" data-e-type=\"widget\" data-widget_type=\"spacer.default\">\n\t\t\t\t<div class=\"elementor-widget-container\">\n\t\t\t\t\t\t\t<div class=\"elementor-spacer\">\n\t\t\t<div class=\"elementor-spacer-inner\"><\/div>\n\t\t<\/div>\n\t\t\t\t\t\t<\/div>\n\t\t\t\t<\/div>\n\t\t\t\t\t<\/div>\n\t\t\t\t<\/div>\n\t\t<div class=\"elementor-element elementor-element-7b40029e e-flex e-con-boxed e-con e-parent\" data-id=\"7b40029e\" data-element_type=\"container\" data-e-type=\"container\">\n\t\t\t\t\t<div class=\"e-con-inner\">\n\t\t<div class=\"elementor-element elementor-element-72abc2c3 e-con-full e-flex e-con e-child\" data-id=\"72abc2c3\" data-element_type=\"container\" data-e-type=\"container\">\n\t\t\t\t<div class=\"elementor-element elementor-element-e397956 elementor-widget elementor-widget-heading\" data-id=\"e397956\" data-element_type=\"widget\" data-e-type=\"widget\" data-widget_type=\"heading.default\">\n\t\t\t\t<div class=\"elementor-widget-container\">\n\t\t\t\t\t<h2 class=\"elementor-heading-title elementor-size-default\">\ud83d\ude8d PASSENGER TRANSPORT CAPACITY<\/h2>\t\t\t\t<\/div>\n\t\t\t\t<\/div>\n\t\t\t\t<div class=\"elementor-element elementor-element-4f6b1423 elementor-widget elementor-widget-text-editor\" data-id=\"4f6b1423\" data-element_type=\"widget\" data-e-type=\"widget\" data-widget_type=\"text-editor.default\">\n\t\t\t\t<div class=\"elementor-widget-container\">\n\t\t\t\t\t\t\t\t\t<p><span style=\"color: #000000;\">Would you like to start a school, tourist or private transport business? This course is <strong>indispensable<\/strong> to operate in full compliance.<\/span><\/p><h3 class=\"default-heading3\"><span style=\"color: #000000;\">\u2705 With this capability, you can :<\/span><\/h3><ul><li><span style=\"color: #000000;\">Setting up and running a transport company<\/span><\/li><\/ul><ul><li><span style=\"color: #000000;\">Obtain a licence issued by the DREAL<\/span><\/li><\/ul><ul><li><span style=\"color: #000000;\">Responding to public or private tenders<\/span><\/li><\/ul><h3 class=\"default-heading3\"><span style=\"color: #000000;\">\ud83c\udf93 You will learn to:<\/span><\/h3><ul><li><span style=\"color: #000000;\">Mastering passenger transport regulations<\/span><\/li><\/ul><ul><li><span style=\"color: #000000;\">Organising journeys and managing driving times<\/span><\/li><\/ul><ul><li><span style=\"color: #000000;\">Ensuring passenger safety<\/span><\/li><\/ul><ul><li><span style=\"color: #000000;\">Managing a business (accounting, HR, legal obligations)<\/span><\/li><\/ul>\t\t\t\t\t\t\t\t<\/div>\n\t\t\t\t<\/div>\n\t\t\t\t<\/div>\n\t\t<div class=\"elementor-element elementor-element-120d983d e-con-full e-flex e-con e-child\" data-id=\"120d983d\" data-element_type=\"container\" data-e-type=\"container\">\n\t\t\t\t<div class=\"elementor-element elementor-element-42910c2 elementor-widget elementor-widget-heading\" data-id=\"42910c2\" data-element_type=\"widget\" data-e-type=\"widget\" data-widget_type=\"heading.default\">\n\t\t\t\t<div class=\"elementor-widget-container\">\n\t\t\t\t\t<h2 class=\"elementor-heading-title elementor-size-default\">\ud83d\ude9a GOODS CARRIAGE CAPACITY (vehicles +3.5 tonnes)<\/h2>\t\t\t\t<\/div>\n\t\t\t\t<\/div>\n\t\t\t\t<div class=\"elementor-element elementor-element-165fdb63 elementor-widget elementor-widget-text-editor\" data-id=\"165fdb63\" data-element_type=\"widget\" data-e-type=\"widget\" data-widget_type=\"text-editor.default\">\n\t\t\t\t<div class=\"elementor-widget-container\">\n\t\t\t\t\t\t\t\t\t<p><span style=\"color: #000000;\">Do you want to work in the <strong>logistics<\/strong> or become <strong>independent carrier<\/strong> ?<\/span><\/p><p><span style=\"color: #000000;\">This course gives you the right to manage a heavy goods transport company.<\/span><\/p><h3 class=\"default-heading3\"><span style=\"color: #000000;\">\u2705 \u00c0 la cl\u00e9 :<\/span><\/h3><ul><li><span style=\"color: #000000;\">Community licence required<\/span><\/li><\/ul><ul><li><span style=\"color: #000000;\">Compliance with European regulations<\/span><\/li><\/ul><ul><li><span style=\"color: #000000;\">Opportunities in public and private markets<\/span><\/li><\/ul><h3 class=\"default-heading3\"><span style=\"color: #000000;\">\ud83c\udfaf You will learn to:<\/span><\/h3><ul><li><span style=\"color: #000000;\">Managing a fleet of vehicles<\/span><\/li><\/ul><ul><li><span style=\"color: #000000;\">Organising routes and optimising deliveries<\/span><\/li><\/ul><ul><li><span style=\"color: #000000;\">Mastering transport documents and tax and social security aspects<\/span><\/li><\/ul>\t\t\t\t\t\t\t\t<\/div>\n\t\t\t\t<\/div>\n\t\t\t\t<\/div>\n\t\t\t\t\t<\/div>\n\t\t\t\t<\/div>\n\t\t<div class=\"elementor-element elementor-element-03d075b e-flex e-con-boxed e-con e-parent\" data-id=\"03d075b\" data-element_type=\"container\" data-e-type=\"container\">\n\t\t\t\t\t<div class=\"e-con-inner\">\n\t\t\t\t<div class=\"elementor-element elementor-element-5b6e0f2 elementor-widget elementor-widget-spacer\" data-id=\"5b6e0f2\" data-element_type=\"widget\" data-e-type=\"widget\" data-widget_type=\"spacer.default\">\n\t\t\t\t<div class=\"elementor-widget-container\">\n\t\t\t\t\t\t\t<div class=\"elementor-spacer\">\n\t\t\t<div class=\"elementor-spacer-inner\"><\/div>\n\t\t<\/div>\n\t\t\t\t\t\t<\/div>\n\t\t\t\t<\/div>\n\t\t\t\t\t<\/div>\n\t\t\t\t<\/div>\n\t\t<div class=\"elementor-element elementor-element-0cd25ed e-flex e-con-boxed e-con e-parent\" data-id=\"0cd25ed\" data-element_type=\"container\" data-e-type=\"container\">\n\t\t\t\t\t<div class=\"e-con-inner\">\n\t\t<div class=\"elementor-element elementor-element-f7ed912 e-con-full e-flex e-con e-child\" data-id=\"f7ed912\" data-element_type=\"container\" data-e-type=\"container\">\n\t\t\t\t<div class=\"elementor-element elementor-element-42210cf elementor-widget elementor-widget-heading\" data-id=\"42210cf\" data-element_type=\"widget\" data-e-type=\"widget\" data-widget_type=\"heading.default\">\n\t\t\t\t<div class=\"elementor-widget-container\">\n\t\t\t\t\t<h2 class=\"elementor-heading-title elementor-size-default\">\u2744\ufe0f REFRIGERANT CAPACITY\nHandling refrigerants<\/h2>\t\t\t\t<\/div>\n\t\t\t\t<\/div>\n\t\t\t\t<div class=\"elementor-element elementor-element-0dd9b27 elementor-widget elementor-widget-text-editor\" data-id=\"0dd9b27\" data-element_type=\"widget\" data-e-type=\"widget\" data-widget_type=\"text-editor.default\">\n\t\t\t\t<div class=\"elementor-widget-container\">\n\t\t\t\t\t\t\t\t\t<p><span style=\"color: #000000;\">This course is <strong>mandatory<\/strong> for anyone involved in <strong>install, maintain or handle<\/strong> systems containing refrigerants (air conditioners, cold rooms, heat pumps, etc.).<\/span><\/p><h4 class=\"default-heading3\"><span style=\"color: #000000;\">\u2705 It allows you to:<\/span><\/h4><ul><li><span style=\"color: #000000;\">Obtain a certificate of aptitude for handling fluids (F-Gas regulations)<\/span><\/li><\/ul><ul><li><span style=\"color: #000000;\">Work legally on refrigeration installations<\/span><\/li><\/ul><ul><li><span style=\"color: #000000;\">Meet current environmental requirements<\/span><\/li><\/ul><h4>\u00a0<\/h4><h4 class=\"default-heading3\"><span style=\"color: #000000;\">\ud83c\udfaf Practical training in real-life situations<\/span><\/h4>\t\t\t\t\t\t\t\t<\/div>\n\t\t\t\t<\/div>\n\t\t\t\t<\/div>\n\t\t<div class=\"elementor-element elementor-element-2d34c8a e-con-full e-flex e-con e-child\" data-id=\"2d34c8a\" data-element_type=\"container\" data-e-type=\"container\">\n\t\t\t\t<div class=\"elementor-element elementor-element-42a7c45 elementor-widget elementor-widget-heading\" data-id=\"42a7c45\" data-element_type=\"widget\" data-e-type=\"widget\" data-widget_type=\"heading.default\">\n\t\t\t\t<div class=\"elementor-widget-container\">\n\t\t\t\t\t<h2 class=\"elementor-heading-title elementor-size-default\">\ud83e\uddca REFRIGERATION REPAIR TECHNICIAN\nA trade with a future<\/h2>\t\t\t\t<\/div>\n\t\t\t\t<\/div>\n\t\t\t\t<div class=\"elementor-element elementor-element-e9600c7 elementor-widget elementor-widget-text-editor\" data-id=\"e9600c7\" data-element_type=\"widget\" data-e-type=\"widget\" data-widget_type=\"text-editor.default\">\n\t\t\t\t<div class=\"elementor-widget-container\">\n\t\t\t\t\t\t\t\t\t<p><span style=\"color: #000000;\">Refrigeration technicians are key players in the fields of <strong>air conditioning, commercial, industrial and food refrigeration<\/strong>.<\/span><\/p><h4 class=\"default-heading3\"><span style=\"color: #000000;\">\ud83c\udf93 With this training, you will learn to:<\/span><\/h4><ul><li><span style=\"color: #000000;\">Install, troubleshoot and maintain refrigeration systems<\/span><\/li><\/ul><ul><li><span style=\"color: #000000;\">Reading technical diagrams and working in the field<\/span><\/li><\/ul><ul><li><span style=\"color: #000000;\">Working safely with the right tools and fluids<\/span><\/li><\/ul><ul><li><span style=\"color: #000000;\">Diagnose faults and carry out preventive and corrective maintenance<\/span><\/li><\/ul><h3>\u00a0<\/h3><h4 class=\"default-heading3\"><span style=\"color: #000000;\"><strong>\u2705 Strong demand in French Guiana<\/strong><\/span><\/h4><h4 class=\"default-heading3\"><span style=\"color: #000000;\"><strong>\u2705 Business or self-employment opportunities<\/strong><\/span><\/h4>\t\t\t\t\t\t\t\t<\/div>\n\t\t\t\t<\/div>\n\t\t\t\t<\/div>\n\t\t\t\t\t<\/div>\n\t\t\t\t<\/div>\n\t\t<div class=\"elementor-element elementor-element-c343a15 e-flex e-con-boxed e-con e-parent\" data-id=\"c343a15\" data-element_type=\"container\" data-e-type=\"container\">\n\t\t\t\t\t<div class=\"e-con-inner\">\n\t\t\t\t<div class=\"elementor-element elementor-element-94380a9 elementor-widget elementor-widget-spacer\" data-id=\"94380a9\" data-element_type=\"widget\" data-e-type=\"widget\" data-widget_type=\"spacer.default\">\n\t\t\t\t<div class=\"elementor-widget-container\">\n\t\t\t\t\t\t\t<div class=\"elementor-spacer\">\n\t\t\t<div class=\"elementor-spacer-inner\"><\/div>\n\t\t<\/div>\n\t\t\t\t\t\t<\/div>\n\t\t\t\t<\/div>\n\t\t\t\t\t<\/div>\n\t\t\t\t<\/div>\n\t\t<div class=\"elementor-element elementor-element-f1ec189 e-flex e-con-boxed e-con e-parent\" data-id=\"f1ec189\" data-element_type=\"container\" data-e-type=\"container\">\n\t\t\t\t\t<div class=\"e-con-inner\">\n\t\t<div class=\"elementor-element elementor-element-01df13b e-con-full e-flex e-con e-child\" data-id=\"01df13b\" data-element_type=\"container\" data-e-type=\"container\">\n\t\t\t\t<div class=\"elementor-element elementor-element-05554a2 elementor-widget elementor-widget-heading\" data-id=\"05554a2\" data-element_type=\"widget\" data-e-type=\"widget\" data-widget_type=\"heading.default\">\n\t\t\t\t<div class=\"elementor-widget-container\">\n\t\t\t\t\t<h2 class=\"elementor-heading-title elementor-size-default\">\u270d\ufe0f HOW TO REGISTER<\/h2>\t\t\t\t<\/div>\n\t\t\t\t<\/div>\n\t\t\t\t<div class=\"elementor-element elementor-element-7979308 elementor-widget elementor-widget-text-editor\" data-id=\"7979308\" data-element_type=\"widget\" data-e-type=\"widget\" data-widget_type=\"text-editor.default\">\n\t\t\t\t<div class=\"elementor-widget-container\">\n\t\t\t\t\t\t\t\t\t<p style=\"text-align: center;\"><span style=\"color: #000000;\">\ud83d\udce9 Make a <strong>request a free quote<\/strong> directly on our website:<\/span><\/p><p style=\"text-align: center;\"><span style=\"color: #000000;\">\ud83d\udd17 <a style=\"color: #000000;\" href=\"https:\/\/www.abondanceformation.com\/en\/pack-transport\/?utm_source=brevo&amp;utm_campaign=Transport%20ou%20Froid%20%20formez-vous%20ds%20maintenant%20pour%20exercer%20en%20toute%20lgalit&amp;utm_medium=email\" target=\"_new\">https:\/\/www.abondanceformation.com\/pack-transport\/<\/a><\/span><\/p><p style=\"text-align: center;\"><span style=\"color: #000000;\">\ud83d\udd17 Passenger transport : <a style=\"color: #000000;\" href=\"https:\/\/www.abondanceformation.com\/en\/capacite-de-transport-de-voyageurs-3\/?utm_source=brevo&amp;utm_campaign=Transport%20ou%20Froid%20%20formez-vous%20ds%20maintenant%20pour%20exercer%20en%20toute%20lgalit&amp;utm_medium=email\" target=\"_new\">Click here<\/a><\/span><\/p><p style=\"text-align: center;\"><span style=\"color: #000000;\">\ud83d\udd17 Freight transport : <a style=\"color: #000000;\" href=\"https:\/\/www.abondanceformation.com\/en\/capacite-de-transport-lourd-des-marchandises\/?utm_source=brevo&amp;utm_campaign=Transport%20ou%20Froid%20%20formez-vous%20ds%20maintenant%20pour%20exercer%20en%20toute%20lgalit&amp;utm_medium=email\" target=\"_new\">Click here<\/a><\/span><\/p><p style=\"text-align: center;\"><span style=\"color: #000000;\">\ud83d\udd17 Refrigeration technician : <a style=\"color: #000000;\" href=\"https:\/\/www.abondanceformation.com\/en\/monteur-et-depanneur-frigoriste\/?utm_source=brevo&amp;utm_campaign=Transport%20ou%20Froid%20%20formez-vous%20ds%20maintenant%20pour%20exercer%20en%20toute%20lgalit&amp;utm_medium=email\" target=\"_blank\" rel=\"noopener\">Click here<\/a><\/span><\/p><p style=\"text-align: center;\"><span style=\"color: #000000;\">\ud83d\udcde Contact us :<\/span><\/p><p style=\"text-align: center;\"><span style=\"color: #000000;\">\ud83d\udcf1 <strong>06 94 93 46 32<\/strong> \/ \u260e\ufe0f <strong>05 94 27 37 27<\/strong><\/span><\/p><p style=\"text-align: center;\"><span style=\"color: #000000;\">\ud83d\udce7 <a style=\"color: #000000;\" href=\"mailto:contact@abondanceformation.com\"><strong>contact@abondanceformation.com<\/strong><\/a><\/span><\/p><p style=\"text-align: center;\"><span style=\"color: #000000;\">Our advisers are on hand to answer your questions and help you through the process.<\/span><\/p>\t\t\t\t\t\t\t\t<\/div>\n\t\t\t\t<\/div>\n\t\t\t\t<\/div>\n\t\t\t\t\t<\/div>\n\t\t\t\t<\/div>\n\t\t<div class=\"elementor-element elementor-element-d8bdeb9 e-flex e-con-boxed e-con e-parent\" data-id=\"d8bdeb9\" data-element_type=\"container\" data-e-type=\"container\">\n\t\t\t\t\t<div class=\"e-con-inner\">\n\t\t\t\t<div class=\"elementor-element elementor-element-2c302f1 elementor-widget elementor-widget-spacer\" data-id=\"2c302f1\" data-element_type=\"widget\" data-e-type=\"widget\" data-widget_type=\"spacer.default\">\n\t\t\t\t<div class=\"elementor-widget-container\">\n\t\t\t\t\t\t\t<div class=\"elementor-spacer\">\n\t\t\t<div class=\"elementor-spacer-inner\"><\/div>\n\t\t<\/div>\n\t\t\t\t\t\t<\/div>\n\t\t\t\t<\/div>\n\t\t\t\t\t<\/div>\n\t\t\t\t<\/div>\n\t\t<div class=\"elementor-element elementor-element-d6d8d03 e-flex e-con-boxed e-con e-parent\" data-id=\"d6d8d03\" data-element_type=\"container\" data-e-type=\"container\">\n\t\t\t\t\t<div class=\"e-con-inner\">\n\t\t<div class=\"elementor-element elementor-element-bbc9a2d e-con-full e-flex e-con e-child\" data-id=\"bbc9a2d\" data-element_type=\"container\" data-e-type=\"container\">\n\t\t\t\t<div class=\"elementor-element elementor-element-80375be elementor-widget elementor-widget-heading\" data-id=\"80375be\" data-element_type=\"widget\" data-e-type=\"widget\" data-widget_type=\"heading.default\">\n\t\t\t\t<div class=\"elementor-widget-container\">\n\t\t\t\t\t<h2 class=\"elementor-heading-title elementor-size-default\">\ud83c\udf93 Do you already have experience?<\/h2>\t\t\t\t<\/div>\n\t\t\t\t<\/div>\n\t\t\t\t<div class=\"elementor-element elementor-element-4f3ac5c elementor-widget elementor-widget-text-editor\" data-id=\"4f3ac5c\" data-element_type=\"widget\" data-e-type=\"widget\" data-widget_type=\"text-editor.default\">\n\t\t\t\t<div class=\"elementor-widget-container\">\n\t\t\t\t\t\t\t\t\t<p style=\"text-align: center;\"><span style=\"color: #000000;\">You may be able to obtain your capacity via the <strong>Validation of Acquired Experience (VAE)<\/strong>.<\/span><\/p><p style=\"text-align: center;\"><span style=\"color: #000000;\">\ud83d\udcce Find out more : <a style=\"color: #000000;\" href=\"https:\/\/www.abondanceformation.com\/en\/vae\/?utm_source=brevo&amp;utm_campaign=Transport%20ou%20Froid%20%20formez-vous%20ds%20maintenant%20pour%20exercer%20en%20toute%20lgalit&amp;utm_medium=email\" target=\"_new\">https:\/\/www.abondanceformation.com\/vae\/<\/a><\/span><\/p><p style=\"text-align: center;\"><span style=\"color: #000000;\"><strong>Abondance Formation - Your success, our mission.<\/strong><\/span><\/p><p style=\"text-align: center;\"><span style=\"color: #000000;\">See you soon,<\/span><\/p><p style=\"text-align: center;\"><span style=\"color: #000000;\"><strong>Abondance Formation<\/strong><\/span><\/p><p style=\"text-align: center;\"><span style=\"color: #000000;\">\ud83d\udccd 1436 route de Baduel, 97300 Cayenne<\/span><\/p><p style=\"text-align: center;\"><span style=\"color: #000000;\">\ud83d\udce7 <a style=\"color: #000000;\" href=\"mailto:contact@abondanceformation.com\">contact@abondanceformation.com<\/a><\/span><\/p><p style=\"text-align: center;\"><span style=\"color: #000000;\">\ud83c\udf10 <a style=\"color: #000000;\" href=\"https:\/\/www.abondanceformation.com\/en\/?utm_source=brevo&amp;utm_campaign=Transport%20ou%20Froid%20%20formez-vous%20ds%20maintenant%20pour%20exercer%20en%20toute%20lgalit&amp;utm_medium=email\" target=\"_blank\" rel=\"noopener\">https:\/\/www.abondanceformation.com<\/a><\/span><\/p>\t\t\t\t\t\t\t\t<\/div>\n\t\t\t\t<\/div>\n\t\t\t\t<\/div>\n\t\t\t\t\t<\/div>\n\t\t\t\t<\/div>\n\t\t\t\t<\/div>","protected":false},"excerpt":{"rendered":"<p>Newsletter Juin Transport ou Froid : Formez-vous d\u00e8s maintenant pour exercer en toute l\u00e9galit\u00e9 ! Vous avez pour projet de cr\u00e9er votre entreprise, \u00e9voluer dans votre carri\u00e8re ou obtenir une certification obligatoire pour exercer un m\u00e9tier r\u00e9glement\u00e9 ? Chez Abondance Formation, nous vous proposons un parcours complet pour vous former dans deux secteurs porteurs : [&hellip;]<\/p>\n","protected":false},"author":2,"featured_media":0,"parent":0,"menu_order":0,"comment_status":"closed","ping_status":"closed","template":"","meta":{"footnotes":""},"class_list":["post-11224","page","type-page","status-publish","hentry"],"aioseo_notices":[],"_links":{"self":[{"href":"https:\/\/www.abondanceformation.com\/en\/wp-json\/wp\/v2\/pages\/11224","targetHints":{"allow":["GET"]}}],"collection":[{"href":"https:\/\/www.abondanceformation.com\/en\/wp-json\/wp\/v2\/pages"}],"about":[{"href":"https:\/\/www.abondanceformation.com\/en\/wp-json\/wp\/v2\/types\/page"}],"author":[{"embeddable":true,"href":"https:\/\/www.abondanceformation.com\/en\/wp-json\/wp\/v2\/users\/2"}],"replies":[{"embeddable":true,"href":"https:\/\/www.abondanceformation.com\/en\/wp-json\/wp\/v2\/comments?post=11224"}],"version-history":[{"count":7,"href":"https:\/\/www.abondanceformation.com\/en\/wp-json\/wp\/v2\/pages\/11224\/revisions"}],"predecessor-version":[{"id":11251,"href":"https:\/\/www.abondanceformation.com\/en\/wp-json\/wp\/v2\/pages\/11224\/revisions\/11251"}],"wp:attachment":[{"href":"https:\/\/www.abondanceformation.com\/en\/wp-json\/wp\/v2\/media?parent=11224"}],"curies":[{"name":"wp","href":"https:\/\/api.w.org\/{rel}","templated":true}]}}