{"id":10487,"date":"2024-11-07T14:59:42","date_gmt":"2024-11-07T13:59:42","guid":{"rendered":"https:\/\/www.abondanceformation.com\/?page_id=10487"},"modified":"2024-11-07T15:04:05","modified_gmt":"2024-11-07T14:04:05","slug":"habilitations-electriques-b1-b1v-b2-b2v-bc-br","status":"publish","type":"page","link":"https:\/\/www.abondanceformation.com\/en\/habilitations-electriques-b1-b1v-b2-b2v-bc-br\/","title":{"rendered":"ELECTRICAL CABILITATIONS B1-B1V-B2-B2V-BC-BR (employee)"},"content":{"rendered":"<div data-elementor-type=\"wp-page\" data-elementor-id=\"10487\" class=\"elementor elementor-10487\" data-elementor-post-type=\"page\">\n\t\t\t\t<div class=\"elementor-element elementor-element-8b36958 e-flex e-con-boxed e-con e-parent\" data-id=\"8b36958\" data-element_type=\"container\" data-e-type=\"container\" data-settings=\"{&quot;background_background&quot;:&quot;classic&quot;}\">\n\t\t\t\t\t<div class=\"e-con-inner\">\n\t\t\t\t<div class=\"elementor-element elementor-element-34e04cba elementor-widget elementor-widget-heading\" data-id=\"34e04cba\" data-element_type=\"widget\" data-e-type=\"widget\" data-widget_type=\"heading.default\">\n\t\t\t\t<div class=\"elementor-widget-container\">\n\t\t\t\t\t<h2 class=\"elementor-heading-title elementor-size-default\">ELECTRICAL APPROVALS B1-B1V-B2-B2V-BC-BR<\/h2>\t\t\t\t<\/div>\n\t\t\t\t<\/div>\n\t\t\t\t\t<\/div>\n\t\t\t\t<\/div>\n\t\t<div class=\"elementor-element elementor-element-47aaf247 e-flex e-con-boxed e-con e-parent\" data-id=\"47aaf247\" data-element_type=\"container\" data-e-type=\"container\">\n\t\t\t\t\t<div class=\"e-con-inner\">\n\t\t\t\t<div class=\"elementor-element elementor-element-24f10e3e elementor-widget elementor-widget-spacer\" data-id=\"24f10e3e\" data-element_type=\"widget\" data-e-type=\"widget\" data-widget_type=\"spacer.default\">\n\t\t\t\t<div class=\"elementor-widget-container\">\n\t\t\t\t\t\t\t<div class=\"elementor-spacer\">\n\t\t\t<div class=\"elementor-spacer-inner\"><\/div>\n\t\t<\/div>\n\t\t\t\t\t\t<\/div>\n\t\t\t\t<\/div>\n\t\t\t\t\t<\/div>\n\t\t\t\t<\/div>\n\t\t<div class=\"elementor-element elementor-element-46cdfd11 e-flex e-con-boxed e-con e-parent\" data-id=\"46cdfd11\" data-element_type=\"container\" data-e-type=\"container\">\n\t\t\t\t\t<div class=\"e-con-inner\">\n\t\t<div class=\"elementor-element elementor-element-4ed2531f e-con-full e-flex e-con e-child\" data-id=\"4ed2531f\" data-element_type=\"container\" data-e-type=\"container\">\n\t\t\t\t<div class=\"elementor-element elementor-element-5da48bb1 elementor-widget elementor-widget-text-editor\" data-id=\"5da48bb1\" data-element_type=\"widget\" data-e-type=\"widget\" data-widget_type=\"text-editor.default\">\n\t\t\t\t<div class=\"elementor-widget-container\">\n\t\t\t\t\t\t\t\t\t<p>B1, B1V, B2, B2V, BC and BR electrical approvals are essential for professionals who work on low-voltage electrical installations.<\/p><p>These levels of certification cover a wide range of skills, from working under supervision (B1, B1V) to carrying out more complex operations (B2, B2V) and supervising worksites (BC), as well as repair and consignment work (BR).<\/p><p>This training ensures that participants master the safety measures adapted to different types of work, guaranteeing their protection and that of their teams from electrical risks.<\/p>\t\t\t\t\t\t\t\t<\/div>\n\t\t\t\t<\/div>\n\t\t\t\t<div class=\"elementor-element elementor-element-64e47eb7 elementor-widget elementor-widget-heading\" data-id=\"64e47eb7\" data-element_type=\"widget\" data-e-type=\"widget\" data-widget_type=\"heading.default\">\n\t\t\t\t<div class=\"elementor-widget-container\">\n\t\t\t\t\t<h2 class=\"elementor-heading-title elementor-size-default\">EDUCATIONAL OBJECTIVES<\/h2>\t\t\t\t<\/div>\n\t\t\t\t<\/div>\n\t\t\t\t<div class=\"elementor-element elementor-element-677be204 elementor-widget elementor-widget-text-editor\" data-id=\"677be204\" data-element_type=\"widget\" data-e-type=\"widget\" data-widget_type=\"text-editor.default\">\n\t\t\t\t<div class=\"elementor-widget-container\">\n\t\t\t\t\t\t\t\t\t<ul><li>Raising awareness of work-related electrical risks<\/li><li>Identifying and adopting the right conduct to control these risks<\/li><li>Responding to an accident<\/li><li>Carry out excavation work in a way that is safe for people and the environment <br \/>electricity networks<\/li><\/ul>\t\t\t\t\t\t\t\t<\/div>\n\t\t\t\t<\/div>\n\t\t<div class=\"elementor-element elementor-element-18157e8e e-con-full e-flex e-con e-child\" data-id=\"18157e8e\" data-element_type=\"container\" data-e-type=\"container\">\n\t\t<div class=\"elementor-element elementor-element-6a1bd084 e-con-full e-flex e-con e-child\" data-id=\"6a1bd084\" data-element_type=\"container\" data-e-type=\"container\">\n\t\t\t\t<div class=\"elementor-element elementor-element-7037fead elementor-widget elementor-widget-heading\" data-id=\"7037fead\" data-element_type=\"widget\" data-e-type=\"widget\" data-widget_type=\"heading.default\">\n\t\t\t\t<div class=\"elementor-widget-container\">\n\t\t\t\t\t<h2 class=\"elementor-heading-title elementor-size-default\">PUBLIC CONCERNED<\/h2>\t\t\t\t<\/div>\n\t\t\t\t<\/div>\n\t\t\t\t<div class=\"elementor-element elementor-element-3448c0b1 elementor-widget elementor-widget-text-editor\" data-id=\"3448c0b1\" data-element_type=\"widget\" data-e-type=\"widget\" data-widget_type=\"text-editor.default\">\n\t\t\t\t<div class=\"elementor-widget-container\">\n\t\t\t\t\t\t\t\t\t<p>Employees<\/p>\t\t\t\t\t\t\t\t<\/div>\n\t\t\t\t<\/div>\n\t\t\t\t<\/div>\n\t\t<div class=\"elementor-element elementor-element-1593d3ad e-con-full e-flex e-con e-child\" data-id=\"1593d3ad\" data-element_type=\"container\" data-e-type=\"container\">\n\t\t\t\t<div class=\"elementor-element elementor-element-2487c661 elementor-widget elementor-widget-heading\" data-id=\"2487c661\" data-element_type=\"widget\" data-e-type=\"widget\" data-widget_type=\"heading.default\">\n\t\t\t\t<div class=\"elementor-widget-container\">\n\t\t\t\t\t<h2 class=\"elementor-heading-title elementor-size-default\">PRE-REQUISITES<\/h2>\t\t\t\t<\/div>\n\t\t\t\t<\/div>\n\t\t\t\t<div class=\"elementor-element elementor-element-482e1380 elementor-widget elementor-widget-text-editor\" data-id=\"482e1380\" data-element_type=\"widget\" data-e-type=\"widget\" data-widget_type=\"text-editor.default\">\n\t\t\t\t<div class=\"elementor-widget-container\">\n\t\t\t\t\t\t\t\t\t<p>No<\/p>\t\t\t\t\t\t\t\t<\/div>\n\t\t\t\t<\/div>\n\t\t\t\t<\/div>\n\t\t<div class=\"elementor-element elementor-element-6d2917e3 e-con-full e-flex e-con e-child\" data-id=\"6d2917e3\" data-element_type=\"container\" data-e-type=\"container\">\n\t\t\t\t<div class=\"elementor-element elementor-element-12669c3f elementor-widget elementor-widget-heading\" data-id=\"12669c3f\" data-element_type=\"widget\" data-e-type=\"widget\" data-widget_type=\"heading.default\">\n\t\t\t\t<div class=\"elementor-widget-container\">\n\t\t\t\t\t<h2 class=\"elementor-heading-title elementor-size-default\">RATE<\/h2>\t\t\t\t<\/div>\n\t\t\t\t<\/div>\n\t\t\t\t<div class=\"elementor-element elementor-element-134d3d99 elementor-widget elementor-widget-text-editor\" data-id=\"134d3d99\" data-element_type=\"widget\" data-e-type=\"widget\" data-widget_type=\"text-editor.default\">\n\t\t\t\t<div class=\"elementor-widget-container\">\n\t\t\t\t\t\t\t\t\t<p>1050 \u20ac<\/p>\t\t\t\t\t\t\t\t<\/div>\n\t\t\t\t<\/div>\n\t\t\t\t<\/div>\n\t\t\t\t<\/div>\n\t\t<div class=\"elementor-element elementor-element-537ea709 e-con-full e-flex e-con e-child\" data-id=\"537ea709\" data-element_type=\"container\" data-e-type=\"container\">\n\t\t<div class=\"elementor-element elementor-element-5c9e3ae1 e-con-full e-flex e-con e-child\" data-id=\"5c9e3ae1\" data-element_type=\"container\" data-e-type=\"container\">\n\t\t\t\t<div class=\"elementor-element elementor-element-52b4821e elementor-widget elementor-widget-heading\" data-id=\"52b4821e\" data-element_type=\"widget\" data-e-type=\"widget\" data-widget_type=\"heading.default\">\n\t\t\t\t<div class=\"elementor-widget-container\">\n\t\t\t\t\t<h2 class=\"elementor-heading-title elementor-size-default\">DURATION OF THE COURSE AND ORGANISATIONAL ARRANGEMENTS<\/h2>\t\t\t\t<\/div>\n\t\t\t\t<\/div>\n\t\t\t\t<div class=\"elementor-element elementor-element-171f0f43 elementor-widget elementor-widget-text-editor\" data-id=\"171f0f43\" data-element_type=\"widget\" data-e-type=\"widget\" data-widget_type=\"text-editor.default\">\n\t\t\t\t<div class=\"elementor-widget-container\">\n\t\t\t\t\t\t\t\t\t<p>3 days<\/p>\t\t\t\t\t\t\t\t<\/div>\n\t\t\t\t<\/div>\n\t\t\t\t<\/div>\n\t\t<div class=\"elementor-element elementor-element-40c1ed5f e-con-full e-flex e-con e-child\" data-id=\"40c1ed5f\" data-element_type=\"container\" data-e-type=\"container\">\n\t\t\t\t<div class=\"elementor-element elementor-element-6390d72a elementor-widget elementor-widget-heading\" data-id=\"6390d72a\" data-element_type=\"widget\" data-e-type=\"widget\" data-widget_type=\"heading.default\">\n\t\t\t\t<div class=\"elementor-widget-container\">\n\t\t\t\t\t<h2 class=\"elementor-heading-title elementor-size-default\">PLACE OF TRAINING<\/h2>\t\t\t\t<\/div>\n\t\t\t\t<\/div>\n\t\t\t\t<div class=\"elementor-element elementor-element-619462dc elementor-widget elementor-widget-text-editor\" data-id=\"619462dc\" data-element_type=\"widget\" data-e-type=\"widget\" data-widget_type=\"text-editor.default\">\n\t\t\t\t<div class=\"elementor-widget-container\">\n\t\t\t\t\t\t\t\t\t<p><span data-olk-copy-source=\"MessageBody\">1436 route de Baduel, 97300 Cayenne.<\/span><\/p><p><!--EndFragment-->28 rue L\u00e9rol 97351 Matoury.<\/p>\t\t\t\t\t\t\t\t<\/div>\n\t\t\t\t<\/div>\n\t\t\t\t<\/div>\n\t\t<div class=\"elementor-element elementor-element-5b10f968 e-con-full e-flex e-con e-child\" data-id=\"5b10f968\" data-element_type=\"container\" data-e-type=\"container\">\n\t\t\t\t<div class=\"elementor-element elementor-element-4f48bd10 elementor-widget elementor-widget-heading\" data-id=\"4f48bd10\" data-element_type=\"widget\" data-e-type=\"widget\" data-widget_type=\"heading.default\">\n\t\t\t\t<div class=\"elementor-widget-container\">\n\t\t\t\t\t<h2 class=\"elementor-heading-title elementor-size-default\">TEACHING RESOURCES AND METHODS<\/h2>\t\t\t\t<\/div>\n\t\t\t\t<\/div>\n\t\t\t\t<div class=\"elementor-element elementor-element-c6bb5fc elementor-widget elementor-widget-text-editor\" data-id=\"c6bb5fc\" data-element_type=\"widget\" data-e-type=\"widget\" data-widget_type=\"text-editor.default\">\n\t\t\t\t<div class=\"elementor-widget-container\">\n\t\t\t\t\t\t\t\t\t<ul><li style=\"text-align: left;\">Theoretical contributions<\/li><li style=\"text-align: left;\">Exercises<\/li><li style=\"text-align: left;\">MCQS<\/li><\/ul>\t\t\t\t\t\t\t\t<\/div>\n\t\t\t\t<\/div>\n\t\t\t\t<\/div>\n\t\t\t\t<\/div>\n\t\t<div class=\"elementor-element elementor-element-67e2bc70 e-con-full e-flex e-con e-child\" data-id=\"67e2bc70\" data-element_type=\"container\" data-e-type=\"container\">\n\t\t<div class=\"elementor-element elementor-element-2c82282c e-con-full e-flex e-con e-child\" data-id=\"2c82282c\" data-element_type=\"container\" data-e-type=\"container\">\n\t\t\t\t<div class=\"elementor-element elementor-element-af85ea9 elementor-widget elementor-widget-heading\" data-id=\"af85ea9\" data-element_type=\"widget\" data-e-type=\"widget\" data-widget_type=\"heading.default\">\n\t\t\t\t<div class=\"elementor-widget-container\">\n\t\t\t\t\t<h2 class=\"elementor-heading-title elementor-size-default\">PROFILES OF THE TRAINER(S)<\/h2>\t\t\t\t<\/div>\n\t\t\t\t<\/div>\n\t\t\t\t<div class=\"elementor-element elementor-element-5f0f92a4 elementor-widget elementor-widget-text-editor\" data-id=\"5f0f92a4\" data-element_type=\"widget\" data-e-type=\"widget\" data-widget_type=\"text-editor.default\">\n\t\t\t\t<div class=\"elementor-widget-container\">\n\t\t\t\t\t\t\t\t\t<p>Trainers specialised in the technical field being taught. They work in the electricity sector. They are in direct contact with the realities of the profession and its development.<\/p>\t\t\t\t\t\t\t\t<\/div>\n\t\t\t\t<\/div>\n\t\t\t\t<\/div>\n\t\t<div class=\"elementor-element elementor-element-7cb873f7 e-con-full e-flex e-con e-child\" data-id=\"7cb873f7\" data-element_type=\"container\" data-e-type=\"container\">\n\t\t\t\t<div class=\"elementor-element elementor-element-22bea6cf elementor-widget elementor-widget-heading\" data-id=\"22bea6cf\" data-element_type=\"widget\" data-e-type=\"widget\" data-widget_type=\"heading.default\">\n\t\t\t\t<div class=\"elementor-widget-container\">\n\t\t\t\t\t<h2 class=\"elementor-heading-title elementor-size-default\">TECHNICAL RESOURCES<\/h2>\t\t\t\t<\/div>\n\t\t\t\t<\/div>\n\t\t\t\t<div class=\"elementor-element elementor-element-797d033a elementor-widget elementor-widget-text-editor\" data-id=\"797d033a\" data-element_type=\"widget\" data-e-type=\"widget\" data-widget_type=\"text-editor.default\">\n\t\t\t\t<div class=\"elementor-widget-container\">\n\t\t\t\t\t\t\t\t\t<p>We take care to provide an appropriate working environment and the technical resources needed for effective learning.<\/p>\t\t\t\t\t\t\t\t<\/div>\n\t\t\t\t<\/div>\n\t\t\t\t<\/div>\n\t\t\t\t<\/div>\n\t\t<div class=\"elementor-element elementor-element-26d1949e e-con-full e-flex e-con e-child\" data-id=\"26d1949e\" data-element_type=\"container\" data-e-type=\"container\">\n\t\t<div class=\"elementor-element elementor-element-87faf8 e-con-full e-flex e-con e-child\" data-id=\"87faf8\" data-element_type=\"container\" data-e-type=\"container\">\n\t\t\t\t<div class=\"elementor-element elementor-element-5b8f6da6 elementor-widget elementor-widget-heading\" data-id=\"5b8f6da6\" data-element_type=\"widget\" data-e-type=\"widget\" data-widget_type=\"heading.default\">\n\t\t\t\t<div class=\"elementor-widget-container\">\n\t\t\t\t\t<h2 class=\"elementor-heading-title elementor-size-default\">CONTACT<\/h2>\t\t\t\t<\/div>\n\t\t\t\t<\/div>\n\t\t\t\t<div class=\"elementor-element elementor-element-15d9317a elementor-widget elementor-widget-text-editor\" data-id=\"15d9317a\" data-element_type=\"widget\" data-e-type=\"widget\" data-widget_type=\"text-editor.default\">\n\t\t\t\t<div class=\"elementor-widget-container\">\n\t\t\t\t\t\t\t\t\t<p>06 94 93 46 32 - 05 94 27 37 27<\/p><p>contact@abondanceformation.com<\/p>\t\t\t\t\t\t\t\t<\/div>\n\t\t\t\t<\/div>\n\t\t\t\t<\/div>\n\t\t<div class=\"elementor-element elementor-element-49a8404a e-con-full e-flex e-con e-child\" data-id=\"49a8404a\" data-element_type=\"container\" data-e-type=\"container\">\n\t\t\t\t<div class=\"elementor-element elementor-element-52ee1e07 elementor-widget elementor-widget-heading\" data-id=\"52ee1e07\" data-element_type=\"widget\" data-e-type=\"widget\" data-widget_type=\"heading.default\">\n\t\t\t\t<div class=\"elementor-widget-container\">\n\t\t\t\t\t<h2 class=\"elementor-heading-title elementor-size-default\">ACCESSIBLE TO THE DISABLED<\/h2>\t\t\t\t<\/div>\n\t\t\t\t<\/div>\n\t\t\t\t<div class=\"elementor-element elementor-element-2ffaf66f elementor-widget elementor-widget-text-editor\" data-id=\"2ffaf66f\" data-element_type=\"widget\" data-e-type=\"widget\" data-widget_type=\"text-editor.default\">\n\t\t\t\t<div class=\"elementor-widget-container\">\n\t\t\t\t\t\t\t\t\t<p style=\"text-align: left;\">If a beneficiary has particular constraints linked to a disability, please contact us beforehand so that we can adapt the action of <br \/>training.<\/p>\t\t\t\t\t\t\t\t<\/div>\n\t\t\t\t<\/div>\n\t\t\t\t<\/div>\n\t\t\t\t<\/div>\n\t\t<div class=\"elementor-element elementor-element-71d97f85 e-con-full e-flex e-con e-child\" data-id=\"71d97f85\" data-element_type=\"container\" data-e-type=\"container\">\n\t\t<div class=\"elementor-element elementor-element-123fe204 e-con-full e-flex e-con e-child\" data-id=\"123fe204\" data-element_type=\"container\" data-e-type=\"container\">\n\t\t\t\t<div class=\"elementor-element elementor-element-5204b1aa elementor-widget elementor-widget-heading\" data-id=\"5204b1aa\" data-element_type=\"widget\" data-e-type=\"widget\" data-widget_type=\"heading.default\">\n\t\t\t\t<div class=\"elementor-widget-container\">\n\t\t\t\t\t<h2 class=\"elementor-heading-title elementor-size-default\">ACCESS PROCEDURES AND DEADLINES<\/h2>\t\t\t\t<\/div>\n\t\t\t\t<\/div>\n\t\t\t\t<div class=\"elementor-element elementor-element-4dc4885b elementor-widget elementor-widget-text-editor\" data-id=\"4dc4885b\" data-element_type=\"widget\" data-e-type=\"widget\" data-widget_type=\"text-editor.default\">\n\t\t\t\t<div class=\"elementor-widget-container\">\n\t\t\t\t\t\t\t\t\t<p>Registration on contact@abondanceformation.com \/ Registration form<\/p>\t\t\t\t\t\t\t\t<\/div>\n\t\t\t\t<\/div>\n\t\t\t\t<\/div>\n\t\t\t\t<\/div>\n\t\t\t\t<div class=\"elementor-element elementor-element-2c1c76b6 elementor-widget elementor-widget-heading\" data-id=\"2c1c76b6\" data-element_type=\"widget\" data-e-type=\"widget\" data-widget_type=\"heading.default\">\n\t\t\t\t<div class=\"elementor-widget-container\">\n\t\t\t\t\t<h2 class=\"elementor-heading-title elementor-size-default\">COURSE CONTENT<\/h2>\t\t\t\t<\/div>\n\t\t\t\t<\/div>\n\t\t\t\t<div class=\"elementor-element elementor-element-1bc8120d elementor-widget elementor-widget-text-editor\" data-id=\"1bc8120d\" data-element_type=\"widget\" data-e-type=\"widget\" data-widget_type=\"text-editor.default\">\n\t\t\t\t<div class=\"elementor-widget-container\">\n\t\t\t\t\t\t\t\t\t<p><b>Raising awareness of work-related electrical risks <\/b><br \/>Understanding the effects of current on the human body<\/p><p><b>Adopting the right conduct to control these risks <\/b><br \/>Identifying areas of tension <br \/>Identifying environmental zones <br \/>Understanding the role of authorisations and qualifications<\/p><p><b>Implementing preventive measures <\/b><br \/>Electrical risk and prevention <br \/>Electrical monitoring of operations <br \/>How to make a circuit safe <br \/>Understanding EPC and PPE <br \/>Adopt appropriate behaviour in the event of an accident<\/p><p><b>Each B1-B1V-B2-B2V-BC-BR authorisation title will be covered: <\/b><br \/>Knowing the players <br \/>Knowing the operating limits <br \/>Identifying electrical equipment <br \/>Implementing prevention <br \/>Make a circuit safe by applying the correct procedure <br \/>Use documents specific to the operation <br \/>Knowing the equipment and associated risks<\/p>\t\t\t\t\t\t\t\t<\/div>\n\t\t\t\t<\/div>\n\t\t\t\t<div class=\"elementor-element elementor-element-7e2a507 elementor-align-center elementor-widget elementor-widget-button\" data-id=\"7e2a507\" data-element_type=\"widget\" data-e-type=\"widget\" data-widget_type=\"button.default\">\n\t\t\t\t<div class=\"elementor-widget-container\">\n\t\t\t\t\t\t\t\t\t<div class=\"elementor-button-wrapper\">\n\t\t\t\t\t<a class=\"elementor-button elementor-button-link elementor-size-sm\" href=\"https:\/\/www.abondanceformation.com\/en\/inscription\/\">\n\t\t\t\t\t\t<span class=\"elementor-button-content-wrapper\">\n\t\t\t\t\t\t\t\t\t<span class=\"elementor-button-text\">Sign up<\/span>\n\t\t\t\t\t<\/span>\n\t\t\t\t\t<\/a>\n\t\t\t\t<\/div>\n\t\t\t\t\t\t\t\t<\/div>\n\t\t\t\t<\/div>\n\t\t\t\t<\/div>\n\t\t<div class=\"elementor-element elementor-element-844de24 e-con-full e-flex e-con e-child\" data-id=\"844de24\" data-element_type=\"container\" data-e-type=\"container\">\n\t\t<div class=\"elementor-element elementor-element-76a9e9f9 e-flex e-con-boxed e-con e-child\" data-id=\"76a9e9f9\" data-element_type=\"container\" data-e-type=\"container\">\n\t\t\t\t\t<div class=\"e-con-inner\">\n\t\t\t\t<div class=\"elementor-element elementor-element-73b2c025 elementor-widget elementor-widget-image\" data-id=\"73b2c025\" data-element_type=\"widget\" data-e-type=\"widget\" data-widget_type=\"image.default\">\n\t\t\t\t<div class=\"elementor-widget-container\">\n\t\t\t\t\t\t\t\t\t\t\t\t\t\t\t<img fetchpriority=\"high\" decoding=\"async\" width=\"1080\" height=\"1080\" src=\"https:\/\/www.abondanceformation.com\/wp-content\/uploads\/2024\/11\/11-18.png\" class=\"attachment-full size-full wp-image-10489\" alt=\"SOUDEUR MIG MAG (METAL INERT \/ ACTIVE GAS)\" srcset=\"https:\/\/www.abondanceformation.com\/wp-content\/uploads\/2024\/11\/11-18.png 1080w, https:\/\/www.abondanceformation.com\/wp-content\/uploads\/2024\/11\/11-18-640x640.png 640w, https:\/\/www.abondanceformation.com\/wp-content\/uploads\/2024\/11\/11-18-160x160.png 160w, https:\/\/www.abondanceformation.com\/wp-content\/uploads\/2024\/11\/11-18-768x768.png 768w\" sizes=\"(max-width: 1080px) 100vw, 1080px\" \/>\t\t\t\t\t\t\t\t\t\t\t\t\t\t\t<\/div>\n\t\t\t\t<\/div>\n\t\t\t\t<div class=\"elementor-element elementor-element-ecde447 elementor-widget elementor-widget-heading\" data-id=\"ecde447\" data-element_type=\"widget\" data-e-type=\"widget\" data-widget_type=\"heading.default\">\n\t\t\t\t<div class=\"elementor-widget-container\">\n\t\t\t\t\t<h2 class=\"elementor-heading-title elementor-size-default\">Face-to-face<\/h2>\t\t\t\t<\/div>\n\t\t\t\t<\/div>\n\t\t\t\t<div class=\"elementor-element elementor-element-4f3e94c3 elementor-widget-divider--view-line elementor-widget elementor-widget-divider\" data-id=\"4f3e94c3\" data-element_type=\"widget\" data-e-type=\"widget\" data-widget_type=\"divider.default\">\n\t\t\t\t<div class=\"elementor-widget-container\">\n\t\t\t\t\t\t\t<div class=\"elementor-divider\">\n\t\t\t<span class=\"elementor-divider-separator\">\n\t\t\t\t\t\t<\/span>\n\t\t<\/div>\n\t\t\t\t\t\t<\/div>\n\t\t\t\t<\/div>\n\t\t<div class=\"elementor-element elementor-element-33812e70 e-con-full e-flex e-con e-child\" data-id=\"33812e70\" data-element_type=\"container\" data-e-type=\"container\">\n\t\t\t\t<div class=\"elementor-element elementor-element-6e0fb13d elementor-view-default elementor-widget elementor-widget-icon\" data-id=\"6e0fb13d\" data-element_type=\"widget\" data-e-type=\"widget\" data-widget_type=\"icon.default\">\n\t\t\t\t<div class=\"elementor-widget-container\">\n\t\t\t\t\t\t\t<div class=\"elementor-icon-wrapper\">\n\t\t\t<div class=\"elementor-icon\">\n\t\t\t<svg aria-hidden=\"true\" class=\"e-font-icon-svg e-far-clock\" viewbox=\"0 0 512 512\" xmlns=\"http:\/\/www.w3.org\/2000\/svg\"><path d=\"M256 8C119 8 8 119 8 256s111 248 248 248 248-111 248-248S393 8 256 8zm0 448c-110.5 0-200-89.5-200-200S145.5 56 256 56s200 89.5 200 200-89.5 200-200 200zm61.8-104.4l-84.9-61.7c-3.1-2.3-4.9-5.9-4.9-9.7V116c0-6.6 5.4-12 12-12h32c6.6 0 12 5.4 12 12v141.7l66.8 48.6c5.4 3.9 6.5 11.4 2.6 16.8L334.6 349c-3.9 5.3-11.4 6.5-16.8 2.6z\"><\/path><\/svg>\t\t\t<\/div>\n\t\t<\/div>\n\t\t\t\t\t\t<\/div>\n\t\t\t\t<\/div>\n\t\t\t\t<div class=\"elementor-element elementor-element-efca34c elementor-widget elementor-widget-text-editor\" data-id=\"efca34c\" data-element_type=\"widget\" data-e-type=\"widget\" data-widget_type=\"text-editor.default\">\n\t\t\t\t<div class=\"elementor-widget-container\">\n\t\t\t\t\t\t\t\t\t<p>3 days<\/p>\t\t\t\t\t\t\t\t<\/div>\n\t\t\t\t<\/div>\n\t\t\t\t<\/div>\n\t\t\t\t<div class=\"elementor-element elementor-element-79f6d8c elementor-widget-divider--view-line elementor-widget elementor-widget-divider\" data-id=\"79f6d8c\" data-element_type=\"widget\" data-e-type=\"widget\" data-widget_type=\"divider.default\">\n\t\t\t\t<div class=\"elementor-widget-container\">\n\t\t\t\t\t\t\t<div class=\"elementor-divider\">\n\t\t\t<span class=\"elementor-divider-separator\">\n\t\t\t\t\t\t<\/span>\n\t\t<\/div>\n\t\t\t\t\t\t<\/div>\n\t\t\t\t<\/div>\n\t\t\t\t<div class=\"elementor-element elementor-element-168a194a elementor-widget elementor-widget-heading\" data-id=\"168a194a\" data-element_type=\"widget\" data-e-type=\"widget\" data-widget_type=\"heading.default\">\n\t\t\t\t<div class=\"elementor-widget-container\">\n\t\t\t\t\t<h2 class=\"elementor-heading-title elementor-size-default\">PRICE: \u20ac1050 EXCLUDING VAT<\/h2>\t\t\t\t<\/div>\n\t\t\t\t<\/div>\n\t\t\t\t<div class=\"elementor-element elementor-element-3c0ac381 elementor-widget-divider--view-line elementor-widget elementor-widget-divider\" data-id=\"3c0ac381\" data-element_type=\"widget\" data-e-type=\"widget\" data-widget_type=\"divider.default\">\n\t\t\t\t<div class=\"elementor-widget-container\">\n\t\t\t\t\t\t\t<div class=\"elementor-divider\">\n\t\t\t<span class=\"elementor-divider-separator\">\n\t\t\t\t\t\t<\/span>\n\t\t<\/div>\n\t\t\t\t\t\t<\/div>\n\t\t\t\t<\/div>\n\t\t\t\t<div class=\"elementor-element elementor-element-2c47ba4d elementor-align-center elementor-widget elementor-widget-button\" data-id=\"2c47ba4d\" data-element_type=\"widget\" data-e-type=\"widget\" data-widget_type=\"button.default\">\n\t\t\t\t<div class=\"elementor-widget-container\">\n\t\t\t\t\t\t\t\t\t<div class=\"elementor-button-wrapper\">\n\t\t\t\t\t<a class=\"elementor-button elementor-button-link elementor-size-sm\" href=\"https:\/\/www.abondanceformation.com\/en\/inscription\/\">\n\t\t\t\t\t\t<span class=\"elementor-button-content-wrapper\">\n\t\t\t\t\t\t\t\t\t<span class=\"elementor-button-text\">Sign up<\/span>\n\t\t\t\t\t<\/span>\n\t\t\t\t\t<\/a>\n\t\t\t\t<\/div>\n\t\t\t\t\t\t\t\t<\/div>\n\t\t\t\t<\/div>\n\t\t\t\t\t<\/div>\n\t\t\t\t<\/div>\n\t\t\t\t<\/div>\n\t\t\t\t\t<\/div>\n\t\t\t\t<\/div>\n\t\t<div class=\"elementor-element elementor-element-6ba30c8c e-flex e-con-boxed e-con e-parent\" data-id=\"6ba30c8c\" data-element_type=\"container\" data-e-type=\"container\">\n\t\t\t\t\t<div class=\"e-con-inner\">\n\t\t\t\t<div class=\"elementor-element elementor-element-5a5913d elementor-widget elementor-widget-spacer\" data-id=\"5a5913d\" data-element_type=\"widget\" data-e-type=\"widget\" data-widget_type=\"spacer.default\">\n\t\t\t\t<div class=\"elementor-widget-container\">\n\t\t\t\t\t\t\t<div class=\"elementor-spacer\">\n\t\t\t<div class=\"elementor-spacer-inner\"><\/div>\n\t\t<\/div>\n\t\t\t\t\t\t<\/div>\n\t\t\t\t<\/div>\n\t\t\t\t\t<\/div>\n\t\t\t\t<\/div>\n\t\t\t\t<\/div>","protected":false},"excerpt":{"rendered":"<p>HABILITATIONS \u00c9LECTRIQUES B1-B1V-B2-B2V-BC-BR Les habilitations \u00e9lectriques B1, B1V, B2, B2V, BC et BR sont indispensables pour les professionnels appel\u00e9s \u00e0 intervenir sur des installations \u00e9lectriques en basse tension. Ces niveaux d&rsquo;habilitation couvrent des comp\u00e9tences vari\u00e9es, allant de l&rsquo;ex\u00e9cution sous surveillance (B1, B1V) \u00e0 la conduite d&rsquo;op\u00e9rations plus complexes (B2, B2V) et \u00e0 l&rsquo;encadrement de chantiers [&hellip;]<\/p>\n","protected":false},"author":2,"featured_media":0,"parent":0,"menu_order":0,"comment_status":"closed","ping_status":"closed","template":"","meta":{"footnotes":""},"class_list":["post-10487","page","type-page","status-publish","hentry"],"aioseo_notices":[],"_links":{"self":[{"href":"https:\/\/www.abondanceformation.com\/en\/wp-json\/wp\/v2\/pages\/10487","targetHints":{"allow":["GET"]}}],"collection":[{"href":"https:\/\/www.abondanceformation.com\/en\/wp-json\/wp\/v2\/pages"}],"about":[{"href":"https:\/\/www.abondanceformation.com\/en\/wp-json\/wp\/v2\/types\/page"}],"author":[{"embeddable":true,"href":"https:\/\/www.abondanceformation.com\/en\/wp-json\/wp\/v2\/users\/2"}],"replies":[{"embeddable":true,"href":"https:\/\/www.abondanceformation.com\/en\/wp-json\/wp\/v2\/comments?post=10487"}],"version-history":[{"count":7,"href":"https:\/\/www.abondanceformation.com\/en\/wp-json\/wp\/v2\/pages\/10487\/revisions"}],"predecessor-version":[{"id":10495,"href":"https:\/\/www.abondanceformation.com\/en\/wp-json\/wp\/v2\/pages\/10487\/revisions\/10495"}],"wp:attachment":[{"href":"https:\/\/www.abondanceformation.com\/en\/wp-json\/wp\/v2\/media?parent=10487"}],"curies":[{"name":"wp","href":"https:\/\/api.w.org\/{rel}","templated":true}]}}