{"id":10230,"date":"2024-11-05T18:00:53","date_gmt":"2024-11-05T17:00:53","guid":{"rendered":"https:\/\/www.abondanceformation.com\/?page_id=10230"},"modified":"2026-04-13T20:03:22","modified_gmt":"2026-04-13T18:03:22","slug":"pack-securite-au-travail-2","status":"publish","type":"page","link":"https:\/\/www.abondanceformation.com\/en\/pack-securite-au-travail-2\/","title":{"rendered":"Workplace Safety Pack"},"content":{"rendered":"<div data-elementor-type=\"wp-page\" data-elementor-id=\"10230\" class=\"elementor elementor-10230\" data-elementor-post-type=\"page\">\n\t\t\t\t<div class=\"elementor-element elementor-element-7dc1dd95 e-flex e-con-boxed e-con e-parent\" data-id=\"7dc1dd95\" data-element_type=\"container\" data-e-type=\"container\" data-settings=\"{&quot;background_background&quot;:&quot;classic&quot;}\">\n\t\t\t\t\t<div class=\"e-con-inner\">\n\t\t\t\t<div class=\"elementor-element elementor-element-4b743833 elementor-widget elementor-widget-heading\" data-id=\"4b743833\" data-element_type=\"widget\" data-e-type=\"widget\" data-widget_type=\"heading.default\">\n\t\t\t\t<div class=\"elementor-widget-container\">\n\t\t\t\t\t<h2 class=\"elementor-heading-title elementor-size-default\">Training for jobseekers<\/h2>\t\t\t\t<\/div>\n\t\t\t\t<\/div>\n\t\t\t\t<div class=\"elementor-element elementor-element-40a413d elementor-widget elementor-widget-heading\" data-id=\"40a413d\" data-element_type=\"widget\" data-e-type=\"widget\" data-widget_type=\"heading.default\">\n\t\t\t\t<div class=\"elementor-widget-container\">\n\t\t\t\t\t<h2 class=\"elementor-heading-title elementor-size-default\">Workplace Safety Pack<\/h2>\t\t\t\t<\/div>\n\t\t\t\t<\/div>\n\t\t\t\t\t<\/div>\n\t\t\t\t<\/div>\n\t\t<div class=\"elementor-element elementor-element-75b9727d e-flex e-con-boxed e-con e-parent\" data-id=\"75b9727d\" data-element_type=\"container\" data-e-type=\"container\">\n\t\t\t\t\t<div class=\"e-con-inner\">\n\t\t\t\t<div class=\"elementor-element elementor-element-44cfa395 elementor-widget elementor-widget-spacer\" data-id=\"44cfa395\" data-element_type=\"widget\" data-e-type=\"widget\" data-widget_type=\"spacer.default\">\n\t\t\t\t<div class=\"elementor-widget-container\">\n\t\t\t\t\t\t\t<div class=\"elementor-spacer\">\n\t\t\t<div class=\"elementor-spacer-inner\"><\/div>\n\t\t<\/div>\n\t\t\t\t\t\t<\/div>\n\t\t\t\t<\/div>\n\t\t\t\t\t<\/div>\n\t\t\t\t<\/div>\n\t\t<div class=\"elementor-element elementor-element-6bf7a73e e-flex e-con-boxed e-con e-parent\" data-id=\"6bf7a73e\" data-element_type=\"container\" data-e-type=\"container\">\n\t\t\t\t\t<div class=\"e-con-inner\">\n\t\t<div class=\"elementor-element elementor-element-1fb1f4c2 e-con-full e-flex e-con e-child\" data-id=\"1fb1f4c2\" data-element_type=\"container\" data-e-type=\"container\">\n\t\t\t\t<div class=\"elementor-element elementor-element-20cc8026 elementor-widget elementor-widget-heading\" data-id=\"20cc8026\" data-element_type=\"widget\" data-e-type=\"widget\" data-widget_type=\"heading.default\">\n\t\t\t\t<div class=\"elementor-widget-container\">\n\t\t\t\t\t<h2 class=\"elementor-heading-title elementor-size-default\"><a href=\"https:\/\/www.abondanceformation.com\/en\/sauveteur-secouriste-du-travail-sst\/\">FIRST AID AT WORK (SST)<\/a><\/h2>\t\t\t\t<\/div>\n\t\t\t\t<\/div>\n\t\t\t\t<div class=\"elementor-element elementor-element-76b155ab elementor-widget elementor-widget-text-editor\" data-id=\"76b155ab\" data-element_type=\"widget\" data-e-type=\"widget\" data-widget_type=\"text-editor.default\">\n\t\t\t\t<div class=\"elementor-widget-container\">\n\t\t\t\t\t\t\t\t\t<p>2 days<\/p>\t\t\t\t\t\t\t\t<\/div>\n\t\t\t\t<\/div>\n\t\t\t\t<div class=\"elementor-element elementor-element-2f87be79 elementor-widget elementor-widget-text-editor\" data-id=\"2f87be79\" data-element_type=\"widget\" data-e-type=\"widget\" data-widget_type=\"text-editor.default\">\n\t\t\t\t<div class=\"elementor-widget-container\">\n\t\t\t\t\t\t\t\t\t<p>On-site<\/p>\t\t\t\t\t\t\t\t<\/div>\n\t\t\t\t<\/div>\n\t\t\t\t<\/div>\n\t\t<div class=\"elementor-element elementor-element-5e3fee6c e-con-full e-flex e-con e-child\" data-id=\"5e3fee6c\" data-element_type=\"container\" data-e-type=\"container\">\n\t\t\t\t<div class=\"elementor-element elementor-element-3cabb710 elementor-widget elementor-widget-heading\" data-id=\"3cabb710\" data-element_type=\"widget\" data-e-type=\"widget\" data-widget_type=\"heading.default\">\n\t\t\t\t<div class=\"elementor-widget-container\">\n\t\t\t\t\t<h2 class=\"elementor-heading-title elementor-size-default\"><a href=\"https:\/\/www.abondanceformation.com\/en\/travail-en-hauteur\/\">WORKING AT HEIGHT<\/a><\/h2>\t\t\t\t<\/div>\n\t\t\t\t<\/div>\n\t\t\t\t<div class=\"elementor-element elementor-element-1e4ac7f9 elementor-widget elementor-widget-text-editor\" data-id=\"1e4ac7f9\" data-element_type=\"widget\" data-e-type=\"widget\" data-widget_type=\"text-editor.default\">\n\t\t\t\t<div class=\"elementor-widget-container\">\n\t\t\t\t\t\t\t\t\t<p>1 day<\/p>\t\t\t\t\t\t\t\t<\/div>\n\t\t\t\t<\/div>\n\t\t\t\t<div class=\"elementor-element elementor-element-32f8674b elementor-widget elementor-widget-text-editor\" data-id=\"32f8674b\" data-element_type=\"widget\" data-e-type=\"widget\" data-widget_type=\"text-editor.default\">\n\t\t\t\t<div class=\"elementor-widget-container\">\n\t\t\t\t\t\t\t\t\t<p>On-site<\/p>\t\t\t\t\t\t\t\t<\/div>\n\t\t\t\t<\/div>\n\t\t\t\t<\/div>\n\t\t<div class=\"elementor-element elementor-element-fa1acb5 e-con-full e-flex e-con e-child\" data-id=\"fa1acb5\" data-element_type=\"container\" data-e-type=\"container\">\n\t\t\t\t<div class=\"elementor-element elementor-element-cd7be8e elementor-widget elementor-widget-heading\" data-id=\"cd7be8e\" data-element_type=\"widget\" data-e-type=\"widget\" data-widget_type=\"heading.default\">\n\t\t\t\t<div class=\"elementor-widget-container\">\n\t\t\t\t\t<h2 class=\"elementor-heading-title elementor-size-default\"><a href=\"https:\/\/www.abondanceformation.com\/en\/depannage-et-entretien-de-grues\/\">CRANE REPAIRS AND MAINTENANCE<\/a><\/h2>\t\t\t\t<\/div>\n\t\t\t\t<\/div>\n\t\t\t\t<div class=\"elementor-element elementor-element-cd33f21 elementor-widget elementor-widget-text-editor\" data-id=\"cd33f21\" data-element_type=\"widget\" data-e-type=\"widget\" data-widget_type=\"text-editor.default\">\n\t\t\t\t<div class=\"elementor-widget-container\">\n\t\t\t\t\t\t\t\t\t<p>210 hours<\/p>\t\t\t\t\t\t\t\t<\/div>\n\t\t\t\t<\/div>\n\t\t\t\t<div class=\"elementor-element elementor-element-f291da0 elementor-widget elementor-widget-text-editor\" data-id=\"f291da0\" data-element_type=\"widget\" data-e-type=\"widget\" data-widget_type=\"text-editor.default\">\n\t\t\t\t<div class=\"elementor-widget-container\">\n\t\t\t\t\t\t\t\t\t<p>On-site<\/p>\t\t\t\t\t\t\t\t<\/div>\n\t\t\t\t<\/div>\n\t\t\t\t<\/div>\n\t\t<div class=\"elementor-element elementor-element-01695ff e-con-full e-flex e-con e-child\" data-id=\"01695ff\" data-element_type=\"container\" data-e-type=\"container\">\n\t\t\t\t<div class=\"elementor-element elementor-element-16cefc8 elementor-widget elementor-widget-heading\" data-id=\"16cefc8\" data-element_type=\"widget\" data-e-type=\"widget\" data-widget_type=\"heading.default\">\n\t\t\t\t<div class=\"elementor-widget-container\">\n\t\t\t\t\t<h2 class=\"elementor-heading-title elementor-size-default\"><a href=\"https:\/\/www.abondanceformation.com\/en\/caces-r482-cat-a-engins-de-chantier\/\">CACES\u00ae R482 CAT. A - SITE MACHINERY<\/a><\/h2>\t\t\t\t<\/div>\n\t\t\t\t<\/div>\n\t\t\t\t<div class=\"elementor-element elementor-element-8695c2e elementor-widget elementor-widget-text-editor\" data-id=\"8695c2e\" data-element_type=\"widget\" data-e-type=\"widget\" data-widget_type=\"text-editor.default\">\n\t\t\t\t<div class=\"elementor-widget-container\">\n\t\t\t\t\t\t\t\t\t<p>4 days<\/p>\t\t\t\t\t\t\t\t<\/div>\n\t\t\t\t<\/div>\n\t\t\t\t<div class=\"elementor-element elementor-element-b451eb8 elementor-widget elementor-widget-text-editor\" data-id=\"b451eb8\" data-element_type=\"widget\" data-e-type=\"widget\" data-widget_type=\"text-editor.default\">\n\t\t\t\t<div class=\"elementor-widget-container\">\n\t\t\t\t\t\t\t\t\t<p>On-site<\/p>\t\t\t\t\t\t\t\t<\/div>\n\t\t\t\t<\/div>\n\t\t\t\t<\/div>\n\t\t<div class=\"elementor-element elementor-element-a4e4a69 e-con-full e-flex e-con e-child\" data-id=\"a4e4a69\" data-element_type=\"container\" data-e-type=\"container\">\n\t\t\t\t<div class=\"elementor-element elementor-element-525fbb3 elementor-widget elementor-widget-heading\" data-id=\"525fbb3\" data-element_type=\"widget\" data-e-type=\"widget\" data-widget_type=\"heading.default\">\n\t\t\t\t<div class=\"elementor-widget-container\">\n\t\t\t\t\t<h2 class=\"elementor-heading-title elementor-size-default\"><a href=\"https:\/\/www.abondanceformation.com\/en\/caces-r486-cat-a-nacelles-a-elevation-verticale\/\">CACES\u00ae R486 CAT. A - VERTICAL ACCESS PLATFORMS<\/a><\/h2>\t\t\t\t<\/div>\n\t\t\t\t<\/div>\n\t\t\t\t<div class=\"elementor-element elementor-element-c48bca0 elementor-widget elementor-widget-text-editor\" data-id=\"c48bca0\" data-element_type=\"widget\" data-e-type=\"widget\" data-widget_type=\"text-editor.default\">\n\t\t\t\t<div class=\"elementor-widget-container\">\n\t\t\t\t\t\t\t\t\t<p>3 days<\/p>\t\t\t\t\t\t\t\t<\/div>\n\t\t\t\t<\/div>\n\t\t\t\t<div class=\"elementor-element elementor-element-0d1ebfa elementor-widget elementor-widget-text-editor\" data-id=\"0d1ebfa\" data-element_type=\"widget\" data-e-type=\"widget\" data-widget_type=\"text-editor.default\">\n\t\t\t\t<div class=\"elementor-widget-container\">\n\t\t\t\t\t\t\t\t\t<p>On-site<\/p>\t\t\t\t\t\t\t\t<\/div>\n\t\t\t\t<\/div>\n\t\t\t\t<\/div>\n\t\t<div class=\"elementor-element elementor-element-8ab70c7 e-con-full e-flex e-con e-child\" data-id=\"8ab70c7\" data-element_type=\"container\" data-e-type=\"container\">\n\t\t\t\t<div class=\"elementor-element elementor-element-a17b1c7 elementor-widget elementor-widget-heading\" data-id=\"a17b1c7\" data-element_type=\"widget\" data-e-type=\"widget\" data-widget_type=\"heading.default\">\n\t\t\t\t<div class=\"elementor-widget-container\">\n\t\t\t\t\t<h2 class=\"elementor-heading-title elementor-size-default\"><a href=\"https:\/\/www.abondanceformation.com\/en\/caces-r486-cat-b-nacelles-multidirectionnelles\/\">CACES\u00ae R486 CAT. B - MULTIDIRECTIONAL CHERRY PICKERS<\/a><\/h2>\t\t\t\t<\/div>\n\t\t\t\t<\/div>\n\t\t\t\t<div class=\"elementor-element elementor-element-2f57425 elementor-widget elementor-widget-text-editor\" data-id=\"2f57425\" data-element_type=\"widget\" data-e-type=\"widget\" data-widget_type=\"text-editor.default\">\n\t\t\t\t<div class=\"elementor-widget-container\">\n\t\t\t\t\t\t\t\t\t<p>3 days<\/p>\t\t\t\t\t\t\t\t<\/div>\n\t\t\t\t<\/div>\n\t\t\t\t<div class=\"elementor-element elementor-element-0f5ae10 elementor-widget elementor-widget-text-editor\" data-id=\"0f5ae10\" data-element_type=\"widget\" data-e-type=\"widget\" data-widget_type=\"text-editor.default\">\n\t\t\t\t<div class=\"elementor-widget-container\">\n\t\t\t\t\t\t\t\t\t<p>On-site<\/p>\t\t\t\t\t\t\t\t<\/div>\n\t\t\t\t<\/div>\n\t\t\t\t<\/div>\n\t\t\t\t\t<\/div>\n\t\t\t\t<\/div>\n\t\t<div class=\"elementor-element elementor-element-5badba49 e-flex e-con-boxed e-con e-parent\" data-id=\"5badba49\" data-element_type=\"container\" data-e-type=\"container\">\n\t\t\t\t\t<div class=\"e-con-inner\">\n\t\t\t\t<div class=\"elementor-element elementor-element-1035fbd2 elementor-widget elementor-widget-spacer\" data-id=\"1035fbd2\" data-element_type=\"widget\" data-e-type=\"widget\" data-widget_type=\"spacer.default\">\n\t\t\t\t<div class=\"elementor-widget-container\">\n\t\t\t\t\t\t\t<div class=\"elementor-spacer\">\n\t\t\t<div class=\"elementor-spacer-inner\"><\/div>\n\t\t<\/div>\n\t\t\t\t\t\t<\/div>\n\t\t\t\t<\/div>\n\t\t\t\t\t<\/div>\n\t\t\t\t<\/div>\n\t\t\t\t<\/div>","protected":false},"excerpt":{"rendered":"<p>Formations demandeurs d&#8217;emploi Pack S\u00e9curit\u00e9 au Travail SAUVETEUR SECOURISTE DU TRAVAIL (SST) 2 jours Pr\u00e9sentiel TRAVAIL EN HAUTEUR 1 jour Pr\u00e9sentiel D\u00c9PANNAGE ET ENTRETIEN DE GRUES 210 heures Pr\u00e9sentiel CACES\u00ae R482 CAT. A \u2013 ENGINS DE CHANTIER 4 jours Pr\u00e9sentiel CACES\u00ae R486 CAT. A \u2013 NACELLES A ELEVATION VERTICALE 3 jours Pr\u00e9sentiel CACES\u00ae R486 CAT. [&hellip;]<\/p>\n","protected":false},"author":2,"featured_media":0,"parent":0,"menu_order":0,"comment_status":"closed","ping_status":"closed","template":"","meta":{"footnotes":""},"class_list":["post-10230","page","type-page","status-publish","hentry"],"aioseo_notices":[],"_links":{"self":[{"href":"https:\/\/www.abondanceformation.com\/en\/wp-json\/wp\/v2\/pages\/10230","targetHints":{"allow":["GET"]}}],"collection":[{"href":"https:\/\/www.abondanceformation.com\/en\/wp-json\/wp\/v2\/pages"}],"about":[{"href":"https:\/\/www.abondanceformation.com\/en\/wp-json\/wp\/v2\/types\/page"}],"author":[{"embeddable":true,"href":"https:\/\/www.abondanceformation.com\/en\/wp-json\/wp\/v2\/users\/2"}],"replies":[{"embeddable":true,"href":"https:\/\/www.abondanceformation.com\/en\/wp-json\/wp\/v2\/comments?post=10230"}],"version-history":[{"count":13,"href":"https:\/\/www.abondanceformation.com\/en\/wp-json\/wp\/v2\/pages\/10230\/revisions"}],"predecessor-version":[{"id":11692,"href":"https:\/\/www.abondanceformation.com\/en\/wp-json\/wp\/v2\/pages\/10230\/revisions\/11692"}],"wp:attachment":[{"href":"https:\/\/www.abondanceformation.com\/en\/wp-json\/wp\/v2\/media?parent=10230"}],"curies":[{"name":"wp","href":"https:\/\/api.w.org\/{rel}","templated":true}]}}